{"id":21310,"date":"2025-07-22T19:20:25","date_gmt":"2025-07-22T17:20:25","guid":{"rendered":"https:\/\/uj.adatbank.ro\/lexikon\/termek\/szabo-sandor-szabo-alexandru\/"},"modified":"2025-07-22T19:20:25","modified_gmt":"2025-07-22T17:20:25","slug":"szabo-sandor-szabo-alexandru","status":"publish","type":"product","link":"https:\/\/uj.adatbank.ro\/lexikon\/termek\/szabo-sandor-szabo-alexandru\/","title":{"rendered":"SZAB\u00d3 S\u00e1ndor, Szab\u00f3 Alexandru"},"content":{"rendered":"<p>?, \u2020?: hadnagy. \u2013 Dolgozott Buk.-ben, K\u00e9zdiv\u00e1s\u00e1rhelye, majd a MAT Securitate Tartom\u00e1nyi Igazgat\u00f3s\u00e1ga Erd\u0151szentgy\u00f6rgy rajoni hivatal\u00e1ban hadnagy (1952), csoportfelel\u0151s (1954\u2013). <br \/><strong>Irod.:<\/strong> Bartos 2012.<\/br><\/p>\n","protected":false},"excerpt":{"rendered":"<p>?, \u2020?: hadnagy. \u2013 Dolgozott Buk.-ben, K\u00e9zdiv\u00e1s\u00e1rhelye, majd a MAT Securitate Tartom\u00e1nyi Igazgat\u00f3s\u00e1ga Erd\u0151szentgy\u00f6rgy rajoni hivatal\u00e1ban hadnagy (1952), csoportfelel\u0151s (1954\u2013). Irod.: Bartos 2012.<\/p>\n","protected":false},"featured_media":0,"comment_status":"open","ping_status":"closed","template":"","meta":[],"product_brand":[],"product_cat":[137],"product_tag":[],"class_list":{"0":"post-21310","1":"product","2":"type-product","3":"status-publish","5":"product_cat-maros-megyei-eletrajzi-lexikon","7":"first","8":"instock","9":"shipping-taxable","10":"product-type-simple"},"_links":{"self":[{"href":"https:\/\/uj.adatbank.ro\/lexikon\/wp-json\/wp\/v2\/product\/21310","targetHints":{"allow":["GET"]}}],"collection":[{"href":"https:\/\/uj.adatbank.ro\/lexikon\/wp-json\/wp\/v2\/product"}],"about":[{"href":"https:\/\/uj.adatbank.ro\/lexikon\/wp-json\/wp\/v2\/types\/product"}],"replies":[{"embeddable":true,"href":"https:\/\/uj.adatbank.ro\/lexikon\/wp-json\/wp\/v2\/comments?post=21310"}],"wp:attachment":[{"href":"https:\/\/uj.adatbank.ro\/lexikon\/wp-json\/wp\/v2\/media?parent=21310"}],"wp:term":[{"taxonomy":"product_brand","embeddable":true,"href":"https:\/\/uj.adatbank.ro\/lexikon\/wp-json\/wp\/v2\/product_brand?post=21310"},{"taxonomy":"product_cat","embeddable":true,"href":"https:\/\/uj.adatbank.ro\/lexikon\/wp-json\/wp\/v2\/product_cat?post=21310"},{"taxonomy":"product_tag","embeddable":true,"href":"https:\/\/uj.adatbank.ro\/lexikon\/wp-json\/wp\/v2\/product_tag?post=21310"}],"curies":[{"name":"wp","href":"https:\/\/api.w.org\/{rel}","templated":true}]}}