{"id":21314,"date":"2025-07-22T19:20:33","date_gmt":"2025-07-22T17:20:33","guid":{"rendered":"https:\/\/uj.adatbank.ro\/lexikon\/termek\/szabo-vilmos\/"},"modified":"2025-07-22T19:20:33","modified_gmt":"2025-07-22T17:20:33","slug":"szabo-vilmos","status":"publish","type":"product","link":"https:\/\/uj.adatbank.ro\/lexikon\/termek\/szabo-vilmos\/","title":{"rendered":"SZAB\u00d3 Vilmos"},"content":{"rendered":"<p>? 1914., \u2020\u00a01988. febr. 8.: tan\u00e1r. \u2013 A mv.-i Ref. Koll.-ban rendes tan\u00e1r (1938\u201348. A mv.-i 4-es sz. k\u00f6z\u00e9piskol\u00e1ban tan\u00edtott (1950-es \u00e9vekben). <br \/><strong>Irod.:<\/strong> Elekes B\u00e9la 1999; Id\u0151t\u00e1r 3; Mv. t\u00f6rt. 2.; [Nekrol\u00f3g] (V. Z., 1988. febr. 9.; 1988. febr. 11.); Sk\u00f3la.<\/br><\/p>\n","protected":false},"excerpt":{"rendered":"<p>? 1914., \u2020\u00a01988. febr. 8.: tan\u00e1r. \u2013 A mv.-i Ref. Koll.-ban rendes tan\u00e1r (1938\u201348. A mv.-i 4-es sz. k\u00f6z\u00e9piskol\u00e1ban tan\u00edtott (1950-es \u00e9vekben). Irod.: Elekes B\u00e9la 1999; Id\u0151t\u00e1r 3; Mv. t\u00f6rt. 2.; [Nekrol\u00f3g] (V. Z., 1988. febr. 9.; 1988. febr. 11.); Sk\u00f3la.<\/p>\n","protected":false},"featured_media":0,"comment_status":"open","ping_status":"closed","template":"","meta":[],"product_brand":[],"product_cat":[137],"product_tag":[],"class_list":{"0":"post-21314","1":"product","2":"type-product","3":"status-publish","5":"product_cat-maros-megyei-eletrajzi-lexikon","7":"first","8":"instock","9":"shipping-taxable","10":"product-type-simple"},"_links":{"self":[{"href":"https:\/\/uj.adatbank.ro\/lexikon\/wp-json\/wp\/v2\/product\/21314","targetHints":{"allow":["GET"]}}],"collection":[{"href":"https:\/\/uj.adatbank.ro\/lexikon\/wp-json\/wp\/v2\/product"}],"about":[{"href":"https:\/\/uj.adatbank.ro\/lexikon\/wp-json\/wp\/v2\/types\/product"}],"replies":[{"embeddable":true,"href":"https:\/\/uj.adatbank.ro\/lexikon\/wp-json\/wp\/v2\/comments?post=21314"}],"wp:attachment":[{"href":"https:\/\/uj.adatbank.ro\/lexikon\/wp-json\/wp\/v2\/media?parent=21314"}],"wp:term":[{"taxonomy":"product_brand","embeddable":true,"href":"https:\/\/uj.adatbank.ro\/lexikon\/wp-json\/wp\/v2\/product_brand?post=21314"},{"taxonomy":"product_cat","embeddable":true,"href":"https:\/\/uj.adatbank.ro\/lexikon\/wp-json\/wp\/v2\/product_cat?post=21314"},{"taxonomy":"product_tag","embeddable":true,"href":"https:\/\/uj.adatbank.ro\/lexikon\/wp-json\/wp\/v2\/product_tag?post=21314"}],"curies":[{"name":"wp","href":"https:\/\/api.w.org\/{rel}","templated":true}]}}