{"id":21318,"date":"2025-07-22T19:20:41","date_gmt":"2025-07-22T17:20:41","guid":{"rendered":"https:\/\/uj.adatbank.ro\/lexikon\/termek\/szabolcska-laszlo\/"},"modified":"2025-07-22T19:20:41","modified_gmt":"2025-07-22T17:20:41","slug":"szabolcska-laszlo","status":"publish","type":"product","link":"https:\/\/uj.adatbank.ro\/lexikon\/termek\/szabolcska-laszlo\/","title":{"rendered":"SZABOLCSKA L\u00e1szl\u00f3"},"content":{"rendered":"<p>Marosfelfalu, 1897. nov. 12., \u2020 Bp., 1957. nov. 11.: irodalomt\u00f6rt\u00e9n\u00e9sz, ref. lelk\u00e9sz \u00e9s egyh\u00e1zi \u00edr\u00f3. ~ Mih\u00e1ly k\u00f6lt\u0151 fia. \u2013 K\u00f6z\u00e9piskol\u00e1it Temesv\u00e1ron v\u00e9gezte, majd Kv.-on Debrecenben \u00e9s Bp.-en folytatott ref. teol\u00f3giai \u00e9s b\u00f6lcs\u00e9szeti tanulm\u00e1nyokat., b\u00f6lcs\u00e9szdoktori diplom\u00e1t is szerzett Bp.-en \u2013 A kv.-i ref. teol\u00f3gi\u00e1n lelk\u00e9szi (1921), a bp.-i egy.-en b\u00f6lcs\u00e9szdoktori oklevelet szerzett (1925). Angli\u00e1ban tett hosszabb tanulm\u00e1nyutat, azut\u00e1n Temesv\u00e1ron lelk\u00e9sz (1921\u2013) esperes (1931\u2013) Mo.-ra k\u00f6lt\u00f6z\u00f6tt (1935) a Buda hegyvid\u00e9ki Ref. Egyh\u00e1zk\u00f6zs\u00e9g lelkip\u00e1sztora. Az Arany J\u00e1nos T\u00e1rsas\u00e1g eln\u00f6ke (1919\u2013). Az Orsz\u00e1gos MP b\u00e1ns\u00e1gi tagozata eln\u00f6ki tan\u00e1cs\u00e1nak tagja. Irodalomt\u00f6rt. tanulm\u00e1nyai \u00e9s egyh\u00e1zi m\u0171vei versei cikkei, jelentek meg erd\u00e9lyi \u00e9s b\u00e1ns\u00e1gi lapokban A M. Prot. Irod. T\u00e1rs. f\u0151titk\u00e1ra (1938\u201344). \u2013 <strong><strong>F. m.<\/strong><\/strong>: G\u00e1rdonyi G\u00e9za \u00e9lete \u00e9s k\u00f6lt\u00e9szete (Temesv\u00e1r, 1925); H\u00edvogat\u00e1s (egyh\u00e1zi besz\u00e9dek; Temesv\u00e1r, 1928); Utak Betlehem fel\u00e9 (pr\u00e9dik\u00e1ci\u00f3k; Temesv\u00e1r, 1931). <br \/><strong>Irod.:<\/strong> RMIL; \u00daM\u00c9L.<\/br><\/p>\n","protected":false},"excerpt":{"rendered":"<p>Marosfelfalu, 1897. nov. 12., \u2020 Bp., 1957. nov. 11.: irodalomt\u00f6rt\u00e9n\u00e9sz, ref. lelk\u00e9sz \u00e9s egyh\u00e1zi \u00edr\u00f3. ~ Mih\u00e1ly k\u00f6lt\u0151 fia. \u2013 K\u00f6z\u00e9piskol\u00e1it Temesv\u00e1ron v\u00e9gezte, majd Kv.-on Debrecenben \u00e9s Bp.-en folytatott ref. teol\u00f3giai \u00e9s b\u00f6lcs\u00e9szeti tanulm\u00e1nyokat., b\u00f6lcs\u00e9szdoktori diplom\u00e1t is szerzett Bp.-en \u2013 A kv.-i ref. teol\u00f3gi\u00e1n lelk\u00e9szi (1921), a bp.-i egy.-en b\u00f6lcs\u00e9szdoktori oklevelet szerzett (1925). Angli\u00e1ban tett [&hellip;]<\/p>\n","protected":false},"featured_media":0,"comment_status":"open","ping_status":"closed","template":"","meta":[],"product_brand":[],"product_cat":[137],"product_tag":[],"class_list":{"0":"post-21318","1":"product","2":"type-product","3":"status-publish","5":"product_cat-maros-megyei-eletrajzi-lexikon","7":"first","8":"instock","9":"shipping-taxable","10":"product-type-simple"},"_links":{"self":[{"href":"https:\/\/uj.adatbank.ro\/lexikon\/wp-json\/wp\/v2\/product\/21318","targetHints":{"allow":["GET"]}}],"collection":[{"href":"https:\/\/uj.adatbank.ro\/lexikon\/wp-json\/wp\/v2\/product"}],"about":[{"href":"https:\/\/uj.adatbank.ro\/lexikon\/wp-json\/wp\/v2\/types\/product"}],"replies":[{"embeddable":true,"href":"https:\/\/uj.adatbank.ro\/lexikon\/wp-json\/wp\/v2\/comments?post=21318"}],"wp:attachment":[{"href":"https:\/\/uj.adatbank.ro\/lexikon\/wp-json\/wp\/v2\/media?parent=21318"}],"wp:term":[{"taxonomy":"product_brand","embeddable":true,"href":"https:\/\/uj.adatbank.ro\/lexikon\/wp-json\/wp\/v2\/product_brand?post=21318"},{"taxonomy":"product_cat","embeddable":true,"href":"https:\/\/uj.adatbank.ro\/lexikon\/wp-json\/wp\/v2\/product_cat?post=21318"},{"taxonomy":"product_tag","embeddable":true,"href":"https:\/\/uj.adatbank.ro\/lexikon\/wp-json\/wp\/v2\/product_tag?post=21318"}],"curies":[{"name":"wp","href":"https:\/\/api.w.org\/{rel}","templated":true}]}}