{"id":2132,"date":"2025-06-28T12:04:45","date_gmt":"2025-06-28T10:04:45","guid":{"rendered":"https:\/\/uj.adatbank.ro\/lexikon\/termek\/bandi-andras\/"},"modified":"2025-06-28T12:04:45","modified_gmt":"2025-06-28T10:04:45","slug":"bandi-andras","status":"publish","type":"product","link":"https:\/\/uj.adatbank.ro\/lexikon\/termek\/bandi-andras\/","title":{"rendered":"BANDI Andr\u00e1s"},"content":{"rendered":"<p>Mikefalva, ?: \u2020\u00a0Mv., 1769: \u00fcln\u00f6k. \u2013 Kir\u00e1lyi t\u00e1blai \u00fcln\u00f6k. Mv.-en az egykori obszerv\u00e1ns ferences kolostortemplom kript\u00e1j\u00e1ba temett\u00e9k. \u2013<\/br><\/p>\n","protected":false},"excerpt":{"rendered":"<p>Mikefalva, ?: \u2020\u00a0Mv., 1769: \u00fcln\u00f6k. \u2013 Kir\u00e1lyi t\u00e1blai \u00fcln\u00f6k. Mv.-en az egykori obszerv\u00e1ns ferences kolostortemplom kript\u00e1j\u00e1ba temett\u00e9k. \u2013<\/p>\n","protected":false},"featured_media":0,"comment_status":"open","ping_status":"closed","template":"","meta":[],"product_brand":[],"product_cat":[137],"product_tag":[],"class_list":{"0":"post-2132","1":"product","2":"type-product","3":"status-publish","5":"product_cat-maros-megyei-eletrajzi-lexikon","7":"first","8":"instock","9":"shipping-taxable","10":"product-type-simple"},"_links":{"self":[{"href":"https:\/\/uj.adatbank.ro\/lexikon\/wp-json\/wp\/v2\/product\/2132","targetHints":{"allow":["GET"]}}],"collection":[{"href":"https:\/\/uj.adatbank.ro\/lexikon\/wp-json\/wp\/v2\/product"}],"about":[{"href":"https:\/\/uj.adatbank.ro\/lexikon\/wp-json\/wp\/v2\/types\/product"}],"replies":[{"embeddable":true,"href":"https:\/\/uj.adatbank.ro\/lexikon\/wp-json\/wp\/v2\/comments?post=2132"}],"wp:attachment":[{"href":"https:\/\/uj.adatbank.ro\/lexikon\/wp-json\/wp\/v2\/media?parent=2132"}],"wp:term":[{"taxonomy":"product_brand","embeddable":true,"href":"https:\/\/uj.adatbank.ro\/lexikon\/wp-json\/wp\/v2\/product_brand?post=2132"},{"taxonomy":"product_cat","embeddable":true,"href":"https:\/\/uj.adatbank.ro\/lexikon\/wp-json\/wp\/v2\/product_cat?post=2132"},{"taxonomy":"product_tag","embeddable":true,"href":"https:\/\/uj.adatbank.ro\/lexikon\/wp-json\/wp\/v2\/product_tag?post=2132"}],"curies":[{"name":"wp","href":"https:\/\/api.w.org\/{rel}","templated":true}]}}