{"id":21323,"date":"2025-07-22T19:20:52","date_gmt":"2025-07-22T17:20:52","guid":{"rendered":"https:\/\/uj.adatbank.ro\/lexikon\/termek\/szacsvai-jozsef-szacsvay-jozsef\/"},"modified":"2025-07-22T19:20:52","modified_gmt":"2025-07-22T17:20:52","slug":"szacsvai-jozsef-szacsvay-jozsef","status":"publish","type":"product","link":"https:\/\/uj.adatbank.ro\/lexikon\/termek\/szacsvai-jozsef-szacsvay-jozsef\/","title":{"rendered":"SZACSVAI J\u00f3zsef, Szacsvay J\u00f3zsef"},"content":{"rendered":"<p>?, \u2020?: tim\u00e1r. \u2013 Feles\u00e9ge: Nagy K\u00e1rolina (1845? \u2013 Mv., 1885. m\u00e1j. 6.). Gyermekeik: J\u00f3zsef, joghallgat\u00f3 (1866? \u2013 Mv, 1888. jan. 2.); Ilona, G\u00e9za, B\u00e9la, K\u00e1rolia Cs\u00e9p Lajosn\u00e9. Irod.: Gy\u00e1szjelent\u0151.<\/br><\/p>\n","protected":false},"excerpt":{"rendered":"<p>?, \u2020?: tim\u00e1r. \u2013 Feles\u00e9ge: Nagy K\u00e1rolina (1845? \u2013 Mv., 1885. m\u00e1j. 6.). Gyermekeik: J\u00f3zsef, joghallgat\u00f3 (1866? \u2013 Mv, 1888. jan. 2.); Ilona, G\u00e9za, B\u00e9la, K\u00e1rolia Cs\u00e9p Lajosn\u00e9. Irod.: Gy\u00e1szjelent\u0151.<\/p>\n","protected":false},"featured_media":0,"comment_status":"open","ping_status":"closed","template":"","meta":[],"product_brand":[],"product_cat":[137],"product_tag":[],"class_list":{"0":"post-21323","1":"product","2":"type-product","3":"status-publish","5":"product_cat-maros-megyei-eletrajzi-lexikon","7":"first","8":"instock","9":"shipping-taxable","10":"product-type-simple"},"_links":{"self":[{"href":"https:\/\/uj.adatbank.ro\/lexikon\/wp-json\/wp\/v2\/product\/21323","targetHints":{"allow":["GET"]}}],"collection":[{"href":"https:\/\/uj.adatbank.ro\/lexikon\/wp-json\/wp\/v2\/product"}],"about":[{"href":"https:\/\/uj.adatbank.ro\/lexikon\/wp-json\/wp\/v2\/types\/product"}],"replies":[{"embeddable":true,"href":"https:\/\/uj.adatbank.ro\/lexikon\/wp-json\/wp\/v2\/comments?post=21323"}],"wp:attachment":[{"href":"https:\/\/uj.adatbank.ro\/lexikon\/wp-json\/wp\/v2\/media?parent=21323"}],"wp:term":[{"taxonomy":"product_brand","embeddable":true,"href":"https:\/\/uj.adatbank.ro\/lexikon\/wp-json\/wp\/v2\/product_brand?post=21323"},{"taxonomy":"product_cat","embeddable":true,"href":"https:\/\/uj.adatbank.ro\/lexikon\/wp-json\/wp\/v2\/product_cat?post=21323"},{"taxonomy":"product_tag","embeddable":true,"href":"https:\/\/uj.adatbank.ro\/lexikon\/wp-json\/wp\/v2\/product_tag?post=21323"}],"curies":[{"name":"wp","href":"https:\/\/api.w.org\/{rel}","templated":true}]}}