{"id":21326,"date":"2025-07-22T19:20:59","date_gmt":"2025-07-22T17:20:59","guid":{"rendered":"https:\/\/uj.adatbank.ro\/lexikon\/termek\/szakacs-albert\/"},"modified":"2025-07-22T19:20:59","modified_gmt":"2025-07-22T17:20:59","slug":"szakacs-albert","status":"publish","type":"product","link":"https:\/\/uj.adatbank.ro\/lexikon\/termek\/szakacs-albert\/","title":{"rendered":"SZAK\u00c1CS Albert"},"content":{"rendered":"<p>Sz\u00e9kelytompa, 1920.\u2020\u00a0\u00c9rsek\u00fajv\u00e1r, 1945.: tizedes. \u2013 Szak\u00e1cs Julianna fia. \u2013 A 27\/II. z\u00e1szl\u00f3alj, t\u00e1vbesz\u00e9l\u0151 szakasz tartal\u00e9kos tizedese. Sz\u00f6k\u00e9s miatt kiv\u00e9gezt\u00e9k. <br \/><strong>Irod.:<\/strong> Berekm\u00e9ri 2015.<\/br><\/p>\n","protected":false},"excerpt":{"rendered":"<p>Sz\u00e9kelytompa, 1920.\u2020\u00a0\u00c9rsek\u00fajv\u00e1r, 1945.: tizedes. \u2013 Szak\u00e1cs Julianna fia. \u2013 A 27\/II. z\u00e1szl\u00f3alj, t\u00e1vbesz\u00e9l\u0151 szakasz tartal\u00e9kos tizedese. Sz\u00f6k\u00e9s miatt kiv\u00e9gezt\u00e9k. Irod.: Berekm\u00e9ri 2015.<\/p>\n","protected":false},"featured_media":0,"comment_status":"open","ping_status":"closed","template":"","meta":[],"product_brand":[],"product_cat":[137],"product_tag":[],"class_list":{"0":"post-21326","1":"product","2":"type-product","3":"status-publish","5":"product_cat-maros-megyei-eletrajzi-lexikon","7":"first","8":"instock","9":"shipping-taxable","10":"product-type-simple"},"_links":{"self":[{"href":"https:\/\/uj.adatbank.ro\/lexikon\/wp-json\/wp\/v2\/product\/21326","targetHints":{"allow":["GET"]}}],"collection":[{"href":"https:\/\/uj.adatbank.ro\/lexikon\/wp-json\/wp\/v2\/product"}],"about":[{"href":"https:\/\/uj.adatbank.ro\/lexikon\/wp-json\/wp\/v2\/types\/product"}],"replies":[{"embeddable":true,"href":"https:\/\/uj.adatbank.ro\/lexikon\/wp-json\/wp\/v2\/comments?post=21326"}],"wp:attachment":[{"href":"https:\/\/uj.adatbank.ro\/lexikon\/wp-json\/wp\/v2\/media?parent=21326"}],"wp:term":[{"taxonomy":"product_brand","embeddable":true,"href":"https:\/\/uj.adatbank.ro\/lexikon\/wp-json\/wp\/v2\/product_brand?post=21326"},{"taxonomy":"product_cat","embeddable":true,"href":"https:\/\/uj.adatbank.ro\/lexikon\/wp-json\/wp\/v2\/product_cat?post=21326"},{"taxonomy":"product_tag","embeddable":true,"href":"https:\/\/uj.adatbank.ro\/lexikon\/wp-json\/wp\/v2\/product_tag?post=21326"}],"curies":[{"name":"wp","href":"https:\/\/api.w.org\/{rel}","templated":true}]}}