{"id":21327,"date":"2025-07-22T19:21:01","date_gmt":"2025-07-22T17:21:01","guid":{"rendered":"https:\/\/uj.adatbank.ro\/lexikon\/termek\/szakacs-arpad\/"},"modified":"2025-07-22T19:21:01","modified_gmt":"2025-07-22T17:21:01","slug":"szakacs-arpad","status":"publish","type":"product","link":"https:\/\/uj.adatbank.ro\/lexikon\/termek\/szakacs-arpad\/","title":{"rendered":"SZAK\u00c1CS \u00c1rp\u00e1d"},"content":{"rendered":"<p>? \u2020?: sz\u00edn\u00e9sz. \u2013 Mv.-r\u0151l t\u00e1vozott (1926), jubileum\u00e1t meg\u00fcnnepelte a sz\u00ednh\u00e1zi vil\u00e1g Po\u00f3r Lili, Janovits Jen\u0151 \u00e9s Bodor P\u00e1l k\u00f6sz\u00f6nt\u00f6tte, b\u00facs\u00faztatta (1926). <br \/><strong>Irod.:<\/strong> Berekm\u00e9ri 2015; Id\u0151t\u00e1r 3.<\/br><\/p>\n","protected":false},"excerpt":{"rendered":"<p>? \u2020?: sz\u00edn\u00e9sz. \u2013 Mv.-r\u0151l t\u00e1vozott (1926), jubileum\u00e1t meg\u00fcnnepelte a sz\u00ednh\u00e1zi vil\u00e1g Po\u00f3r Lili, Janovits Jen\u0151 \u00e9s Bodor P\u00e1l k\u00f6sz\u00f6nt\u00f6tte, b\u00facs\u00faztatta (1926). Irod.: Berekm\u00e9ri 2015; Id\u0151t\u00e1r 3.<\/p>\n","protected":false},"featured_media":0,"comment_status":"open","ping_status":"closed","template":"","meta":[],"product_brand":[],"product_cat":[137],"product_tag":[],"class_list":{"0":"post-21327","1":"product","2":"type-product","3":"status-publish","5":"product_cat-maros-megyei-eletrajzi-lexikon","7":"first","8":"instock","9":"shipping-taxable","10":"product-type-simple"},"_links":{"self":[{"href":"https:\/\/uj.adatbank.ro\/lexikon\/wp-json\/wp\/v2\/product\/21327","targetHints":{"allow":["GET"]}}],"collection":[{"href":"https:\/\/uj.adatbank.ro\/lexikon\/wp-json\/wp\/v2\/product"}],"about":[{"href":"https:\/\/uj.adatbank.ro\/lexikon\/wp-json\/wp\/v2\/types\/product"}],"replies":[{"embeddable":true,"href":"https:\/\/uj.adatbank.ro\/lexikon\/wp-json\/wp\/v2\/comments?post=21327"}],"wp:attachment":[{"href":"https:\/\/uj.adatbank.ro\/lexikon\/wp-json\/wp\/v2\/media?parent=21327"}],"wp:term":[{"taxonomy":"product_brand","embeddable":true,"href":"https:\/\/uj.adatbank.ro\/lexikon\/wp-json\/wp\/v2\/product_brand?post=21327"},{"taxonomy":"product_cat","embeddable":true,"href":"https:\/\/uj.adatbank.ro\/lexikon\/wp-json\/wp\/v2\/product_cat?post=21327"},{"taxonomy":"product_tag","embeddable":true,"href":"https:\/\/uj.adatbank.ro\/lexikon\/wp-json\/wp\/v2\/product_tag?post=21327"}],"curies":[{"name":"wp","href":"https:\/\/api.w.org\/{rel}","templated":true}]}}