{"id":21329,"date":"2025-07-22T19:21:06","date_gmt":"2025-07-22T17:21:06","guid":{"rendered":"https:\/\/uj.adatbank.ro\/lexikon\/termek\/szakacs-ferenc-2\/"},"modified":"2025-07-22T19:21:06","modified_gmt":"2025-07-22T17:21:06","slug":"szakacs-ferenc-2","status":"publish","type":"product","link":"https:\/\/uj.adatbank.ro\/lexikon\/termek\/szakacs-ferenc-2\/","title":{"rendered":"SZAK\u00c1CS Ferenc"},"content":{"rendered":"<p>Sz\u00e9kelyk\u00e1l, 1844., \u2020\u00a0Sz\u00e9kelyk\u00e1l, 1911. m\u00e1rc. 2.: ? Feles\u00e9ge: szentgericei G\u00e1l \u00c1gnes (\u2020\u00a01918), Gyermekeik: Ferenc, Katalin, Gy\u00f6rgy. \u2013 Birtokos. <br \/><strong>Irod.:<\/strong> Gy\u00e1szjelent\u0151; Kelemen.<\/br><\/p>\n","protected":false},"excerpt":{"rendered":"<p>Sz\u00e9kelyk\u00e1l, 1844., \u2020\u00a0Sz\u00e9kelyk\u00e1l, 1911. m\u00e1rc. 2.: ? Feles\u00e9ge: szentgericei G\u00e1l \u00c1gnes (\u2020\u00a01918), Gyermekeik: Ferenc, Katalin, Gy\u00f6rgy. \u2013 Birtokos. Irod.: Gy\u00e1szjelent\u0151; Kelemen.<\/p>\n","protected":false},"featured_media":0,"comment_status":"open","ping_status":"closed","template":"","meta":[],"product_brand":[],"product_cat":[137],"product_tag":[],"class_list":{"0":"post-21329","1":"product","2":"type-product","3":"status-publish","5":"product_cat-maros-megyei-eletrajzi-lexikon","7":"first","8":"instock","9":"shipping-taxable","10":"product-type-simple"},"_links":{"self":[{"href":"https:\/\/uj.adatbank.ro\/lexikon\/wp-json\/wp\/v2\/product\/21329","targetHints":{"allow":["GET"]}}],"collection":[{"href":"https:\/\/uj.adatbank.ro\/lexikon\/wp-json\/wp\/v2\/product"}],"about":[{"href":"https:\/\/uj.adatbank.ro\/lexikon\/wp-json\/wp\/v2\/types\/product"}],"replies":[{"embeddable":true,"href":"https:\/\/uj.adatbank.ro\/lexikon\/wp-json\/wp\/v2\/comments?post=21329"}],"wp:attachment":[{"href":"https:\/\/uj.adatbank.ro\/lexikon\/wp-json\/wp\/v2\/media?parent=21329"}],"wp:term":[{"taxonomy":"product_brand","embeddable":true,"href":"https:\/\/uj.adatbank.ro\/lexikon\/wp-json\/wp\/v2\/product_brand?post=21329"},{"taxonomy":"product_cat","embeddable":true,"href":"https:\/\/uj.adatbank.ro\/lexikon\/wp-json\/wp\/v2\/product_cat?post=21329"},{"taxonomy":"product_tag","embeddable":true,"href":"https:\/\/uj.adatbank.ro\/lexikon\/wp-json\/wp\/v2\/product_tag?post=21329"}],"curies":[{"name":"wp","href":"https:\/\/api.w.org\/{rel}","templated":true}]}}