{"id":21331,"date":"2025-07-22T19:21:10","date_gmt":"2025-07-22T17:21:10","guid":{"rendered":"https:\/\/uj.adatbank.ro\/lexikon\/termek\/szakacs-gyorgy\/"},"modified":"2025-07-22T19:21:10","modified_gmt":"2025-07-22T17:21:10","slug":"szakacs-gyorgy","status":"publish","type":"product","link":"https:\/\/uj.adatbank.ro\/lexikon\/termek\/szakacs-gyorgy\/","title":{"rendered":"SZAK\u00c1CS Gy\u00f6rgy"},"content":{"rendered":"<p>1902., \u2020\u00a0Roman, 1982. aug. 24.: g\u00e9plakatos, a munk\u00e1smozgalom harcosa. \u2013 A mv.-i Cukorgy\u00e1r g\u00e9plakatosa (1924\u201348), a RKP tagja (1930\u2013), t\u00f6bbsz\u00f6r letart\u00f3ztatt\u00e1k \u00e9s megk\u00ednozt\u00e1k, tagja volt a gy\u00e1r V\u00f6r\u00f6s Seg\u00e9ly Bizotts\u00e1g\u00e1nak. A rom\u00e1ni Cukorgy\u00e1r igazgat\u00f3ja nyugd\u00edjaz\u00e1s\u00e1ig (1952\u2013). <br \/><strong>Irod.:<\/strong> Sz. Gy. [Nelrol\u00f3g] (V.Z., 1982. aug. 26.).<\/br><\/p>\n","protected":false},"excerpt":{"rendered":"<p>1902., \u2020\u00a0Roman, 1982. aug. 24.: g\u00e9plakatos, a munk\u00e1smozgalom harcosa. \u2013 A mv.-i Cukorgy\u00e1r g\u00e9plakatosa (1924\u201348), a RKP tagja (1930\u2013), t\u00f6bbsz\u00f6r letart\u00f3ztatt\u00e1k \u00e9s megk\u00ednozt\u00e1k, tagja volt a gy\u00e1r V\u00f6r\u00f6s Seg\u00e9ly Bizotts\u00e1g\u00e1nak. A rom\u00e1ni Cukorgy\u00e1r igazgat\u00f3ja nyugd\u00edjaz\u00e1s\u00e1ig (1952\u2013). Irod.: Sz. Gy. [Nelrol\u00f3g] (V.Z., 1982. aug. 26.).<\/p>\n","protected":false},"featured_media":0,"comment_status":"open","ping_status":"closed","template":"","meta":[],"product_brand":[],"product_cat":[137],"product_tag":[],"class_list":{"0":"post-21331","1":"product","2":"type-product","3":"status-publish","5":"product_cat-maros-megyei-eletrajzi-lexikon","7":"first","8":"instock","9":"shipping-taxable","10":"product-type-simple"},"_links":{"self":[{"href":"https:\/\/uj.adatbank.ro\/lexikon\/wp-json\/wp\/v2\/product\/21331","targetHints":{"allow":["GET"]}}],"collection":[{"href":"https:\/\/uj.adatbank.ro\/lexikon\/wp-json\/wp\/v2\/product"}],"about":[{"href":"https:\/\/uj.adatbank.ro\/lexikon\/wp-json\/wp\/v2\/types\/product"}],"replies":[{"embeddable":true,"href":"https:\/\/uj.adatbank.ro\/lexikon\/wp-json\/wp\/v2\/comments?post=21331"}],"wp:attachment":[{"href":"https:\/\/uj.adatbank.ro\/lexikon\/wp-json\/wp\/v2\/media?parent=21331"}],"wp:term":[{"taxonomy":"product_brand","embeddable":true,"href":"https:\/\/uj.adatbank.ro\/lexikon\/wp-json\/wp\/v2\/product_brand?post=21331"},{"taxonomy":"product_cat","embeddable":true,"href":"https:\/\/uj.adatbank.ro\/lexikon\/wp-json\/wp\/v2\/product_cat?post=21331"},{"taxonomy":"product_tag","embeddable":true,"href":"https:\/\/uj.adatbank.ro\/lexikon\/wp-json\/wp\/v2\/product_tag?post=21331"}],"curies":[{"name":"wp","href":"https:\/\/api.w.org\/{rel}","templated":true}]}}