{"id":21333,"date":"2025-07-22T19:21:14","date_gmt":"2025-07-22T17:21:14","guid":{"rendered":"https:\/\/uj.adatbank.ro\/lexikon\/termek\/szakacs-jozsef\/"},"modified":"2025-07-22T19:21:14","modified_gmt":"2025-07-22T17:21:14","slug":"szakacs-jozsef","status":"publish","type":"product","link":"https:\/\/uj.adatbank.ro\/lexikon\/termek\/szakacs-jozsef\/","title":{"rendered":"SZAK\u00c1CS J\u00f3zsef"},"content":{"rendered":"<p>1869., \u2020?: vasutas. \u2013 Iskol\u00e1i elv\u00e9gz\u00e9se ut\u00e1n katonai szolg\u00e1latot teljes\u00edtett, onnan a M\u00c1V hoz ker\u00fclt \u00e9s Mv.-en, Rav\u00e1ban Baradlakon, Csap\u00f3n \u00e9s 26 \u00e9vig K\u00f6rtef\u00e1j\u00e1n tev\u00e9kenykedett, majd Apahid\u00e1n mint p\u00e1lya\u0151r vonult nyugalomba (1927). Vajdaszentiv\u00e1nyon \u00e9lt <br \/><strong>Irod.:<\/strong> Sz\u00e9kelyf\u00f6ld \u00ed. k.<\/br><\/p>\n","protected":false},"excerpt":{"rendered":"<p>1869., \u2020?: vasutas. \u2013 Iskol\u00e1i elv\u00e9gz\u00e9se ut\u00e1n katonai szolg\u00e1latot teljes\u00edtett, onnan a M\u00c1V hoz ker\u00fclt \u00e9s Mv.-en, Rav\u00e1ban Baradlakon, Csap\u00f3n \u00e9s 26 \u00e9vig K\u00f6rtef\u00e1j\u00e1n tev\u00e9kenykedett, majd Apahid\u00e1n mint p\u00e1lya\u0151r vonult nyugalomba (1927). Vajdaszentiv\u00e1nyon \u00e9lt Irod.: Sz\u00e9kelyf\u00f6ld \u00ed. k.<\/p>\n","protected":false},"featured_media":0,"comment_status":"open","ping_status":"closed","template":"","meta":[],"product_brand":[],"product_cat":[137],"product_tag":[],"class_list":{"0":"post-21333","1":"product","2":"type-product","3":"status-publish","5":"product_cat-maros-megyei-eletrajzi-lexikon","7":"first","8":"instock","9":"shipping-taxable","10":"product-type-simple"},"_links":{"self":[{"href":"https:\/\/uj.adatbank.ro\/lexikon\/wp-json\/wp\/v2\/product\/21333","targetHints":{"allow":["GET"]}}],"collection":[{"href":"https:\/\/uj.adatbank.ro\/lexikon\/wp-json\/wp\/v2\/product"}],"about":[{"href":"https:\/\/uj.adatbank.ro\/lexikon\/wp-json\/wp\/v2\/types\/product"}],"replies":[{"embeddable":true,"href":"https:\/\/uj.adatbank.ro\/lexikon\/wp-json\/wp\/v2\/comments?post=21333"}],"wp:attachment":[{"href":"https:\/\/uj.adatbank.ro\/lexikon\/wp-json\/wp\/v2\/media?parent=21333"}],"wp:term":[{"taxonomy":"product_brand","embeddable":true,"href":"https:\/\/uj.adatbank.ro\/lexikon\/wp-json\/wp\/v2\/product_brand?post=21333"},{"taxonomy":"product_cat","embeddable":true,"href":"https:\/\/uj.adatbank.ro\/lexikon\/wp-json\/wp\/v2\/product_cat?post=21333"},{"taxonomy":"product_tag","embeddable":true,"href":"https:\/\/uj.adatbank.ro\/lexikon\/wp-json\/wp\/v2\/product_tag?post=21333"}],"curies":[{"name":"wp","href":"https:\/\/api.w.org\/{rel}","templated":true}]}}