{"id":21336,"date":"2025-07-22T19:21:20","date_gmt":"2025-07-22T17:21:20","guid":{"rendered":"https:\/\/uj.adatbank.ro\/lexikon\/termek\/szakacs-sandor\/"},"modified":"2025-07-22T19:21:20","modified_gmt":"2025-07-22T17:21:20","slug":"szakacs-sandor","status":"publish","type":"product","link":"https:\/\/uj.adatbank.ro\/lexikon\/termek\/szakacs-sandor\/","title":{"rendered":"SZAK\u00c1CS S\u00e1ndor"},"content":{"rendered":"<p>? \u2020 Bonyha, 1873,: tan\u00edt\u00f3. \u2013 Gecse J\u00e1nos mell\u00e9 ker\u00fclt Bonyh\u00e1ra seg\u00e9dtan\u00edt\u00f3nak (1850), majd rendes tan\u00edt\u00f3 lett (1851\u20131873) A tan\u00edt\u00e1s mellett gazd\u00e1lkodott is. A vizit\u00e1ci\u00f3 meg volt el\u00e9gedve munk\u00e1j\u00e1val (1851). Hirtelen bek\u00f6vetkezett hal\u00e1la vetett v\u00e9get \u00e1ld\u00e1sos munk\u00e1j\u00e1nak. <br \/><strong>Irod.:<\/strong> Bonyha \u00e9s egyh\u00e1za.<\/br><\/p>\n","protected":false},"excerpt":{"rendered":"<p>? \u2020 Bonyha, 1873,: tan\u00edt\u00f3. \u2013 Gecse J\u00e1nos mell\u00e9 ker\u00fclt Bonyh\u00e1ra seg\u00e9dtan\u00edt\u00f3nak (1850), majd rendes tan\u00edt\u00f3 lett (1851\u20131873) A tan\u00edt\u00e1s mellett gazd\u00e1lkodott is. A vizit\u00e1ci\u00f3 meg volt el\u00e9gedve munk\u00e1j\u00e1val (1851). Hirtelen bek\u00f6vetkezett hal\u00e1la vetett v\u00e9get \u00e1ld\u00e1sos munk\u00e1j\u00e1nak. Irod.: Bonyha \u00e9s egyh\u00e1za.<\/p>\n","protected":false},"featured_media":0,"comment_status":"open","ping_status":"closed","template":"","meta":[],"product_brand":[],"product_cat":[137],"product_tag":[],"class_list":{"0":"post-21336","1":"product","2":"type-product","3":"status-publish","5":"product_cat-maros-megyei-eletrajzi-lexikon","7":"first","8":"instock","9":"shipping-taxable","10":"product-type-simple"},"_links":{"self":[{"href":"https:\/\/uj.adatbank.ro\/lexikon\/wp-json\/wp\/v2\/product\/21336","targetHints":{"allow":["GET"]}}],"collection":[{"href":"https:\/\/uj.adatbank.ro\/lexikon\/wp-json\/wp\/v2\/product"}],"about":[{"href":"https:\/\/uj.adatbank.ro\/lexikon\/wp-json\/wp\/v2\/types\/product"}],"replies":[{"embeddable":true,"href":"https:\/\/uj.adatbank.ro\/lexikon\/wp-json\/wp\/v2\/comments?post=21336"}],"wp:attachment":[{"href":"https:\/\/uj.adatbank.ro\/lexikon\/wp-json\/wp\/v2\/media?parent=21336"}],"wp:term":[{"taxonomy":"product_brand","embeddable":true,"href":"https:\/\/uj.adatbank.ro\/lexikon\/wp-json\/wp\/v2\/product_brand?post=21336"},{"taxonomy":"product_cat","embeddable":true,"href":"https:\/\/uj.adatbank.ro\/lexikon\/wp-json\/wp\/v2\/product_cat?post=21336"},{"taxonomy":"product_tag","embeddable":true,"href":"https:\/\/uj.adatbank.ro\/lexikon\/wp-json\/wp\/v2\/product_tag?post=21336"}],"curies":[{"name":"wp","href":"https:\/\/api.w.org\/{rel}","templated":true}]}}