{"id":21339,"date":"2025-07-22T19:21:29","date_gmt":"2025-07-22T17:21:29","guid":{"rendered":"https:\/\/uj.adatbank.ro\/lexikon\/termek\/szakall-gyula\/"},"modified":"2025-07-22T19:21:29","modified_gmt":"2025-07-22T17:21:29","slug":"szakall-gyula","status":"publish","type":"product","link":"https:\/\/uj.adatbank.ro\/lexikon\/termek\/szakall-gyula\/","title":{"rendered":"SZAK\u00c1LL Gyula"},"content":{"rendered":"<p>Bana (Kom\u00e1rom), 1872. m\u00e1j. 8., \u2020 Magyarr\u00e9gen, 1903. aug. 3.: \u00e1llatorvos. \u2013 A bp.-i \u00c1llatorvosi F\u0151isk.-n szerzett oklevelet (1891), az \u00c1llatorvosi F\u0151isk. Bonctani Int.-\u00e9ben tan\u00e1rseg\u00e9d (1891\u201396); \u00e1ll. \u00f6szt\u00f6nd\u00edjjal a giesseni egy.-en tanult (1897\u2013), ahol b\u00f6lcs\u00e9szdoktori oklevelet szerzett (1899). A bp.-i rovartani \u00e1llom\u00e1son asszisztens (1899\u2013), az \u00c1llatorvosi Hivataln\u00e1l \u00e1llatorvos (1901\u2013), emellett az \u00c1llatorvosi F\u0151isk.-n az \u00f6sszehasonl\u00edt\u00f3 bonctan mag\u00e1ntan\u00e1ra volt (1901\u2013). Boncol\u00e1s sor\u00e1n szerzett v\u00e9rm\u00e9rgez\u00e9s k\u00f6vetkezt\u00e9ben halt meg. Az \u00e1llatbonctan mellett \u00e1llateg\u00e9szs\u00e9g\u00fcgyi rend\u00e9szeti k\u00e9rd\u00e9sekkel is foglalkozott. \u0150 \u00edrta az els\u0151 m. nyelv\u0171 mad\u00e1ranat\u00f3mia k\u00f6nyvet. \u2013 <strong><strong>F. m.<\/strong><\/strong>: H\u00e1zi sz\u00e1rnyasok bonctana (Bp., 1897); K\u00e9t rendellenesen fejl\u0151d\u00f6tt vese l\u00f3b\u00f3l (Bp., 1899); \u00dcber den Bau des Urogenitalsystems der Krokodile: Inauguraldissertation (Bp., 1899); Adatok a h\u00e1zi\u00e1llatok k\u00f6nnyh\u00fasocsk\u00e1j\u00e1nak szerkezet\u00e9hez (Bp., 1899); Az agyvel\u0151 ver\u0151erei a h\u00e1zi\u00e1llatokban (Bp., 1900). <br \/><strong>Irod.:<\/strong> Daday; Szinnyei; Todea; \u00daM\u00c9L.<\/br><\/p>\n","protected":false},"excerpt":{"rendered":"<p>Bana (Kom\u00e1rom), 1872. m\u00e1j. 8., \u2020 Magyarr\u00e9gen, 1903. aug. 3.: \u00e1llatorvos. \u2013 A bp.-i \u00c1llatorvosi F\u0151isk.-n szerzett oklevelet (1891), az \u00c1llatorvosi F\u0151isk. Bonctani Int.-\u00e9ben tan\u00e1rseg\u00e9d (1891\u201396); \u00e1ll. \u00f6szt\u00f6nd\u00edjjal a giesseni egy.-en tanult (1897\u2013), ahol b\u00f6lcs\u00e9szdoktori oklevelet szerzett (1899). A bp.-i rovartani \u00e1llom\u00e1son asszisztens (1899\u2013), az \u00c1llatorvosi Hivataln\u00e1l \u00e1llatorvos (1901\u2013), emellett az \u00c1llatorvosi F\u0151isk.-n az \u00f6sszehasonl\u00edt\u00f3 [&hellip;]<\/p>\n","protected":false},"featured_media":0,"comment_status":"open","ping_status":"closed","template":"","meta":[],"product_brand":[],"product_cat":[137],"product_tag":[],"class_list":{"0":"post-21339","1":"product","2":"type-product","3":"status-publish","5":"product_cat-maros-megyei-eletrajzi-lexikon","7":"first","8":"instock","9":"shipping-taxable","10":"product-type-simple"},"_links":{"self":[{"href":"https:\/\/uj.adatbank.ro\/lexikon\/wp-json\/wp\/v2\/product\/21339","targetHints":{"allow":["GET"]}}],"collection":[{"href":"https:\/\/uj.adatbank.ro\/lexikon\/wp-json\/wp\/v2\/product"}],"about":[{"href":"https:\/\/uj.adatbank.ro\/lexikon\/wp-json\/wp\/v2\/types\/product"}],"replies":[{"embeddable":true,"href":"https:\/\/uj.adatbank.ro\/lexikon\/wp-json\/wp\/v2\/comments?post=21339"}],"wp:attachment":[{"href":"https:\/\/uj.adatbank.ro\/lexikon\/wp-json\/wp\/v2\/media?parent=21339"}],"wp:term":[{"taxonomy":"product_brand","embeddable":true,"href":"https:\/\/uj.adatbank.ro\/lexikon\/wp-json\/wp\/v2\/product_brand?post=21339"},{"taxonomy":"product_cat","embeddable":true,"href":"https:\/\/uj.adatbank.ro\/lexikon\/wp-json\/wp\/v2\/product_cat?post=21339"},{"taxonomy":"product_tag","embeddable":true,"href":"https:\/\/uj.adatbank.ro\/lexikon\/wp-json\/wp\/v2\/product_tag?post=21339"}],"curies":[{"name":"wp","href":"https:\/\/api.w.org\/{rel}","templated":true}]}}