{"id":21341,"date":"2025-07-22T19:21:32","date_gmt":"2025-07-22T17:21:32","guid":{"rendered":"https:\/\/uj.adatbank.ro\/lexikon\/termek\/szakats-denes-szenterzsebeti\/"},"modified":"2025-07-22T19:21:32","modified_gmt":"2025-07-22T17:21:32","slug":"szakats-denes-szenterzsebeti","status":"publish","type":"product","link":"https:\/\/uj.adatbank.ro\/lexikon\/termek\/szakats-denes-szenterzsebeti\/","title":{"rendered":"SZAK\u00c1TS D\u00e9nes, szenterzs\u00e9beti"},"content":{"rendered":"<p>? 1885.. j\u00fal. 2., \u2020 1938. m\u00e1j. 28.: ref. lelk\u00e9sz. \u2013 Feles\u00e9ge Jeney Ir\u00e9n (1879. m\u00e1j. 25. \u20131912. m\u00e1j. 3.). Le\u00e1nyuk: Sz. Ir\u00e9n. Tanulm\u00e1nyait Kv.-on v\u00e9gezte \u00e9s mint lelk\u00e9sz tev\u00e9kenykedett Mv.-en, az egyh\u00e1zmegye tan\u00e1csosa \u00e9s b\u00edr\u00f3ja volt. <br \/><strong>Irod.:<\/strong> Jeney csal\u00e1di inf.; Sz\u00e9kelyf\u00f6ld \u00ed. k.<\/br><\/p>\n","protected":false},"excerpt":{"rendered":"<p>? 1885.. j\u00fal. 2., \u2020 1938. m\u00e1j. 28.: ref. lelk\u00e9sz. \u2013 Feles\u00e9ge Jeney Ir\u00e9n (1879. m\u00e1j. 25. \u20131912. m\u00e1j. 3.). Le\u00e1nyuk: Sz. Ir\u00e9n. Tanulm\u00e1nyait Kv.-on v\u00e9gezte \u00e9s mint lelk\u00e9sz tev\u00e9kenykedett Mv.-en, az egyh\u00e1zmegye tan\u00e1csosa \u00e9s b\u00edr\u00f3ja volt. Irod.: Jeney csal\u00e1di inf.; Sz\u00e9kelyf\u00f6ld \u00ed. k.<\/p>\n","protected":false},"featured_media":0,"comment_status":"open","ping_status":"closed","template":"","meta":[],"product_brand":[],"product_cat":[137],"product_tag":[],"class_list":{"0":"post-21341","1":"product","2":"type-product","3":"status-publish","5":"product_cat-maros-megyei-eletrajzi-lexikon","7":"first","8":"instock","9":"shipping-taxable","10":"product-type-simple"},"_links":{"self":[{"href":"https:\/\/uj.adatbank.ro\/lexikon\/wp-json\/wp\/v2\/product\/21341","targetHints":{"allow":["GET"]}}],"collection":[{"href":"https:\/\/uj.adatbank.ro\/lexikon\/wp-json\/wp\/v2\/product"}],"about":[{"href":"https:\/\/uj.adatbank.ro\/lexikon\/wp-json\/wp\/v2\/types\/product"}],"replies":[{"embeddable":true,"href":"https:\/\/uj.adatbank.ro\/lexikon\/wp-json\/wp\/v2\/comments?post=21341"}],"wp:attachment":[{"href":"https:\/\/uj.adatbank.ro\/lexikon\/wp-json\/wp\/v2\/media?parent=21341"}],"wp:term":[{"taxonomy":"product_brand","embeddable":true,"href":"https:\/\/uj.adatbank.ro\/lexikon\/wp-json\/wp\/v2\/product_brand?post=21341"},{"taxonomy":"product_cat","embeddable":true,"href":"https:\/\/uj.adatbank.ro\/lexikon\/wp-json\/wp\/v2\/product_cat?post=21341"},{"taxonomy":"product_tag","embeddable":true,"href":"https:\/\/uj.adatbank.ro\/lexikon\/wp-json\/wp\/v2\/product_tag?post=21341"}],"curies":[{"name":"wp","href":"https:\/\/api.w.org\/{rel}","templated":true}]}}