{"id":21342,"date":"2025-07-22T19:21:34","date_gmt":"2025-07-22T17:21:34","guid":{"rendered":"https:\/\/uj.adatbank.ro\/lexikon\/termek\/szakats-denesne-szenterzsebeti-molnar-erzsebet\/"},"modified":"2025-07-22T19:21:34","modified_gmt":"2025-07-22T17:21:34","slug":"szakats-denesne-szenterzsebeti-molnar-erzsebet","status":"publish","type":"product","link":"https:\/\/uj.adatbank.ro\/lexikon\/termek\/szakats-denesne-szenterzsebeti-molnar-erzsebet\/","title":{"rendered":"SZAK\u00c1TS D\u00e9nesn\u00e9, szenterzs\u00e9beti; Moln\u00e1r Erzs\u00e9bet"},"content":{"rendered":"<p>Nagyk\u00f6r\u00f6s.? \u2020?: tan\u00edt\u00f3n\u0151, ref. lelk\u00e9szn\u00e9. \u2013 Oklevel\u00e9nek elnyer\u00e9se ut\u00e1n 10 \u00e9ven \u00e1t tan\u00edtott \u00e9s a h\u0171s\u00e9gesk\u00fct megtagadta ez\u00e9rt megfosztott\u00e1k \u00e1ll\u00e1s\u00e1t\u00f3l. <br \/><strong>Irod.:<\/strong> Sz\u00e9kelyf\u00f6ld \u00ed. k.<\/br><\/p>\n","protected":false},"excerpt":{"rendered":"<p>Nagyk\u00f6r\u00f6s.? \u2020?: tan\u00edt\u00f3n\u0151, ref. lelk\u00e9szn\u00e9. \u2013 Oklevel\u00e9nek elnyer\u00e9se ut\u00e1n 10 \u00e9ven \u00e1t tan\u00edtott \u00e9s a h\u0171s\u00e9gesk\u00fct megtagadta ez\u00e9rt megfosztott\u00e1k \u00e1ll\u00e1s\u00e1t\u00f3l. Irod.: Sz\u00e9kelyf\u00f6ld \u00ed. k.<\/p>\n","protected":false},"featured_media":0,"comment_status":"open","ping_status":"closed","template":"","meta":[],"product_brand":[],"product_cat":[137],"product_tag":[],"class_list":{"0":"post-21342","1":"product","2":"type-product","3":"status-publish","5":"product_cat-maros-megyei-eletrajzi-lexikon","7":"first","8":"instock","9":"shipping-taxable","10":"product-type-simple"},"_links":{"self":[{"href":"https:\/\/uj.adatbank.ro\/lexikon\/wp-json\/wp\/v2\/product\/21342","targetHints":{"allow":["GET"]}}],"collection":[{"href":"https:\/\/uj.adatbank.ro\/lexikon\/wp-json\/wp\/v2\/product"}],"about":[{"href":"https:\/\/uj.adatbank.ro\/lexikon\/wp-json\/wp\/v2\/types\/product"}],"replies":[{"embeddable":true,"href":"https:\/\/uj.adatbank.ro\/lexikon\/wp-json\/wp\/v2\/comments?post=21342"}],"wp:attachment":[{"href":"https:\/\/uj.adatbank.ro\/lexikon\/wp-json\/wp\/v2\/media?parent=21342"}],"wp:term":[{"taxonomy":"product_brand","embeddable":true,"href":"https:\/\/uj.adatbank.ro\/lexikon\/wp-json\/wp\/v2\/product_brand?post=21342"},{"taxonomy":"product_cat","embeddable":true,"href":"https:\/\/uj.adatbank.ro\/lexikon\/wp-json\/wp\/v2\/product_cat?post=21342"},{"taxonomy":"product_tag","embeddable":true,"href":"https:\/\/uj.adatbank.ro\/lexikon\/wp-json\/wp\/v2\/product_tag?post=21342"}],"curies":[{"name":"wp","href":"https:\/\/api.w.org\/{rel}","templated":true}]}}