{"id":21343,"date":"2025-07-22T19:21:36","date_gmt":"2025-07-22T17:21:36","guid":{"rendered":"https:\/\/uj.adatbank.ro\/lexikon\/termek\/szakats-georg-szakats-georgius\/"},"modified":"2025-07-22T19:21:36","modified_gmt":"2025-07-22T17:21:36","slug":"szakats-georg-szakats-georgius","status":"publish","type":"product","link":"https:\/\/uj.adatbank.ro\/lexikon\/termek\/szakats-georg-szakats-georgius\/","title":{"rendered":"SZAK\u00c1TS Georg, Szak\u00e1ts Georgius"},"content":{"rendered":"<p>Mez\u0151szengyel? \u2020?: g. kat. pap. \u2013 B\u00e9csben tanult (1820 k.). A teol\u00f3gi\u00e1t B\u00e9csben v\u00e9gezte. Ioan Bob p\u00fcsp\u00f6k Sz\u00e1szr\u00e9genbe helyezte szolg\u00e1lni (1825. aug. 2.\u2013). <br \/><strong>Irod.:<\/strong> Dobozi; Szab\u00f3\u2013Sz\u00f6gi.<\/br><\/p>\n","protected":false},"excerpt":{"rendered":"<p>Mez\u0151szengyel? \u2020?: g. kat. pap. \u2013 B\u00e9csben tanult (1820 k.). A teol\u00f3gi\u00e1t B\u00e9csben v\u00e9gezte. Ioan Bob p\u00fcsp\u00f6k Sz\u00e1szr\u00e9genbe helyezte szolg\u00e1lni (1825. aug. 2.\u2013). Irod.: Dobozi; Szab\u00f3\u2013Sz\u00f6gi.<\/p>\n","protected":false},"featured_media":0,"comment_status":"open","ping_status":"closed","template":"","meta":[],"product_brand":[],"product_cat":[137],"product_tag":[],"class_list":{"0":"post-21343","1":"product","2":"type-product","3":"status-publish","5":"product_cat-maros-megyei-eletrajzi-lexikon","7":"first","8":"instock","9":"shipping-taxable","10":"product-type-simple"},"_links":{"self":[{"href":"https:\/\/uj.adatbank.ro\/lexikon\/wp-json\/wp\/v2\/product\/21343","targetHints":{"allow":["GET"]}}],"collection":[{"href":"https:\/\/uj.adatbank.ro\/lexikon\/wp-json\/wp\/v2\/product"}],"about":[{"href":"https:\/\/uj.adatbank.ro\/lexikon\/wp-json\/wp\/v2\/types\/product"}],"replies":[{"embeddable":true,"href":"https:\/\/uj.adatbank.ro\/lexikon\/wp-json\/wp\/v2\/comments?post=21343"}],"wp:attachment":[{"href":"https:\/\/uj.adatbank.ro\/lexikon\/wp-json\/wp\/v2\/media?parent=21343"}],"wp:term":[{"taxonomy":"product_brand","embeddable":true,"href":"https:\/\/uj.adatbank.ro\/lexikon\/wp-json\/wp\/v2\/product_brand?post=21343"},{"taxonomy":"product_cat","embeddable":true,"href":"https:\/\/uj.adatbank.ro\/lexikon\/wp-json\/wp\/v2\/product_cat?post=21343"},{"taxonomy":"product_tag","embeddable":true,"href":"https:\/\/uj.adatbank.ro\/lexikon\/wp-json\/wp\/v2\/product_tag?post=21343"}],"curies":[{"name":"wp","href":"https:\/\/api.w.org\/{rel}","templated":true}]}}