{"id":21344,"date":"2025-07-22T19:21:37","date_gmt":"2025-07-22T17:21:37","guid":{"rendered":"https:\/\/uj.adatbank.ro\/lexikon\/termek\/szakats-geza-szenterzsebeti\/"},"modified":"2026-02-18T15:24:34","modified_gmt":"2026-02-18T14:24:34","slug":"szakats-geza-szenterzsebeti","status":"publish","type":"product","link":"https:\/\/uj.adatbank.ro\/lexikon\/termek\/szakats-geza-szenterzsebeti\/","title":{"rendered":"SZAK\u00c1TS G\u00e9za (Szenterzs\u00e9beti)"},"content":{"rendered":"<p>Nagyv\u00e1rad, 1933. dec. 22 \u2020 K\u00e1poszt\u00e1sszentmikl\u00f3s (Maros m.), 2002. jan. 2.: ref. lelkip\u00e1sztor. A kolozsv\u00e1ri Protest\u00e1ns Teol\u00f3gia v\u00e9gzettje (1956). Seg\u00e9dlelk\u00e9sz \u00d3tord\u00e1n (1956\u20131958), Abrudb\u00e1ny\u00e1n (1958\u20131967), lelk\u00e9sz K\u00e1poszt\u00e1sszentmikl\u00f3son \u00e9s Csib\u00e1n (Maros m.) (1967\u2013).<\/p>\n","protected":false},"excerpt":{"rendered":"<p>Nagyv\u00e1rad, 1933. dec. 22 \u2020 K\u00e1poszt\u00e1sszentmikl\u00f3s (Maros m.), 2002. jan. 2.: ref. lelkip\u00e1sztor. A kolozsv\u00e1ri Protest\u00e1ns Teol\u00f3gia v\u00e9gzettje (1956). Seg\u00e9dlelk\u00e9sz \u00d3tord\u00e1n (1956\u20131958), Abrudb\u00e1ny\u00e1n (1958\u20131967), lelk\u00e9sz K\u00e1poszt\u00e1sszentmikl\u00f3son \u00e9s Csib\u00e1n (Maros m.) (1967\u2013).<\/p>\n","protected":false},"featured_media":0,"comment_status":"open","ping_status":"closed","template":"","meta":[],"product_brand":[],"product_cat":[137],"product_tag":[],"class_list":{"0":"post-21344","1":"product","2":"type-product","3":"status-publish","5":"product_cat-maros-megyei-eletrajzi-lexikon","7":"first","8":"instock","9":"shipping-taxable","10":"product-type-simple"},"_links":{"self":[{"href":"https:\/\/uj.adatbank.ro\/lexikon\/wp-json\/wp\/v2\/product\/21344","targetHints":{"allow":["GET"]}}],"collection":[{"href":"https:\/\/uj.adatbank.ro\/lexikon\/wp-json\/wp\/v2\/product"}],"about":[{"href":"https:\/\/uj.adatbank.ro\/lexikon\/wp-json\/wp\/v2\/types\/product"}],"replies":[{"embeddable":true,"href":"https:\/\/uj.adatbank.ro\/lexikon\/wp-json\/wp\/v2\/comments?post=21344"}],"wp:attachment":[{"href":"https:\/\/uj.adatbank.ro\/lexikon\/wp-json\/wp\/v2\/media?parent=21344"}],"wp:term":[{"taxonomy":"product_brand","embeddable":true,"href":"https:\/\/uj.adatbank.ro\/lexikon\/wp-json\/wp\/v2\/product_brand?post=21344"},{"taxonomy":"product_cat","embeddable":true,"href":"https:\/\/uj.adatbank.ro\/lexikon\/wp-json\/wp\/v2\/product_cat?post=21344"},{"taxonomy":"product_tag","embeddable":true,"href":"https:\/\/uj.adatbank.ro\/lexikon\/wp-json\/wp\/v2\/product_tag?post=21344"}],"curies":[{"name":"wp","href":"https:\/\/api.w.org\/{rel}","templated":true}]}}