{"id":21346,"date":"2025-07-22T19:21:40","date_gmt":"2025-07-22T17:21:40","guid":{"rendered":"https:\/\/uj.adatbank.ro\/lexikon\/termek\/szakats-gyorgy\/"},"modified":"2025-07-22T19:21:40","modified_gmt":"2025-07-22T17:21:40","slug":"szakats-gyorgy","status":"publish","type":"product","link":"https:\/\/uj.adatbank.ro\/lexikon\/termek\/szakats-gyorgy\/","title":{"rendered":"SZAK\u00c1TS Gy\u00f6rgy"},"content":{"rendered":"<p>Sz\u00e9kelyk\u00e1l, 1896, \u2020?: mez\u0151gazd\u00e1sz. \u2013Okl. gazd\u00e1sz Sz\u00e9kelyk\u00e1lban. R\u00e9szt vett az I. vh.-ban (1915\u201318). A tiszti iskola elv\u00e9gz\u00e9se ut\u00e1n az alb\u00e1n, szerb, olasz fronton harcolt. Hadnagyi rangban szerelt le kit\u00fcntet\u00e9sekkel. <br \/><strong>Irod.:<\/strong> Erd\u00e9lyi ezredek.<\/br><\/p>\n","protected":false},"excerpt":{"rendered":"<p>Sz\u00e9kelyk\u00e1l, 1896, \u2020?: mez\u0151gazd\u00e1sz. \u2013Okl. gazd\u00e1sz Sz\u00e9kelyk\u00e1lban. R\u00e9szt vett az I. vh.-ban (1915\u201318). A tiszti iskola elv\u00e9gz\u00e9se ut\u00e1n az alb\u00e1n, szerb, olasz fronton harcolt. Hadnagyi rangban szerelt le kit\u00fcntet\u00e9sekkel. Irod.: Erd\u00e9lyi ezredek.<\/p>\n","protected":false},"featured_media":0,"comment_status":"open","ping_status":"closed","template":"","meta":[],"product_brand":[],"product_cat":[137],"product_tag":[],"class_list":{"0":"post-21346","1":"product","2":"type-product","3":"status-publish","5":"product_cat-maros-megyei-eletrajzi-lexikon","7":"first","8":"instock","9":"shipping-taxable","10":"product-type-simple"},"_links":{"self":[{"href":"https:\/\/uj.adatbank.ro\/lexikon\/wp-json\/wp\/v2\/product\/21346","targetHints":{"allow":["GET"]}}],"collection":[{"href":"https:\/\/uj.adatbank.ro\/lexikon\/wp-json\/wp\/v2\/product"}],"about":[{"href":"https:\/\/uj.adatbank.ro\/lexikon\/wp-json\/wp\/v2\/types\/product"}],"replies":[{"embeddable":true,"href":"https:\/\/uj.adatbank.ro\/lexikon\/wp-json\/wp\/v2\/comments?post=21346"}],"wp:attachment":[{"href":"https:\/\/uj.adatbank.ro\/lexikon\/wp-json\/wp\/v2\/media?parent=21346"}],"wp:term":[{"taxonomy":"product_brand","embeddable":true,"href":"https:\/\/uj.adatbank.ro\/lexikon\/wp-json\/wp\/v2\/product_brand?post=21346"},{"taxonomy":"product_cat","embeddable":true,"href":"https:\/\/uj.adatbank.ro\/lexikon\/wp-json\/wp\/v2\/product_cat?post=21346"},{"taxonomy":"product_tag","embeddable":true,"href":"https:\/\/uj.adatbank.ro\/lexikon\/wp-json\/wp\/v2\/product_tag?post=21346"}],"curies":[{"name":"wp","href":"https:\/\/api.w.org\/{rel}","templated":true}]}}