{"id":21348,"date":"2025-07-22T19:21:44","date_gmt":"2025-07-22T17:21:44","guid":{"rendered":"https:\/\/uj.adatbank.ro\/lexikon\/termek\/szakats-janos\/"},"modified":"2025-07-22T19:21:44","modified_gmt":"2025-07-22T17:21:44","slug":"szakats-janos","status":"publish","type":"product","link":"https:\/\/uj.adatbank.ro\/lexikon\/termek\/szakats-janos\/","title":{"rendered":"SZAK\u00c1TS J\u00e1nos"},"content":{"rendered":"<p>? \u2020?: a Teleki T\u00e9ka scriptora (1840 k\u00f6r\u00fcl) Irod.: Zsigmond Irma: A Teleki T\u00e9ka m\u00falt sz\u00e1zadi olvas\u00f3napl\u00f3i = Mv. t\u00f6rt\u00e9net\u00e9b\u0151l.<\/br><\/p>\n","protected":false},"excerpt":{"rendered":"<p>? \u2020?: a Teleki T\u00e9ka scriptora (1840 k\u00f6r\u00fcl) Irod.: Zsigmond Irma: A Teleki T\u00e9ka m\u00falt sz\u00e1zadi olvas\u00f3napl\u00f3i = Mv. t\u00f6rt\u00e9net\u00e9b\u0151l.<\/p>\n","protected":false},"featured_media":0,"comment_status":"open","ping_status":"closed","template":"","meta":[],"product_brand":[],"product_cat":[137],"product_tag":[],"class_list":{"0":"post-21348","1":"product","2":"type-product","3":"status-publish","5":"product_cat-maros-megyei-eletrajzi-lexikon","7":"first","8":"instock","9":"shipping-taxable","10":"product-type-simple"},"_links":{"self":[{"href":"https:\/\/uj.adatbank.ro\/lexikon\/wp-json\/wp\/v2\/product\/21348","targetHints":{"allow":["GET"]}}],"collection":[{"href":"https:\/\/uj.adatbank.ro\/lexikon\/wp-json\/wp\/v2\/product"}],"about":[{"href":"https:\/\/uj.adatbank.ro\/lexikon\/wp-json\/wp\/v2\/types\/product"}],"replies":[{"embeddable":true,"href":"https:\/\/uj.adatbank.ro\/lexikon\/wp-json\/wp\/v2\/comments?post=21348"}],"wp:attachment":[{"href":"https:\/\/uj.adatbank.ro\/lexikon\/wp-json\/wp\/v2\/media?parent=21348"}],"wp:term":[{"taxonomy":"product_brand","embeddable":true,"href":"https:\/\/uj.adatbank.ro\/lexikon\/wp-json\/wp\/v2\/product_brand?post=21348"},{"taxonomy":"product_cat","embeddable":true,"href":"https:\/\/uj.adatbank.ro\/lexikon\/wp-json\/wp\/v2\/product_cat?post=21348"},{"taxonomy":"product_tag","embeddable":true,"href":"https:\/\/uj.adatbank.ro\/lexikon\/wp-json\/wp\/v2\/product_tag?post=21348"}],"curies":[{"name":"wp","href":"https:\/\/api.w.org\/{rel}","templated":true}]}}