{"id":21349,"date":"2025-07-22T19:21:46","date_gmt":"2025-07-22T17:21:46","guid":{"rendered":"https:\/\/uj.adatbank.ro\/lexikon\/termek\/szakats-peter-galfalvi\/"},"modified":"2025-07-22T19:21:46","modified_gmt":"2025-07-22T17:21:46","slug":"szakats-peter-galfalvi","status":"publish","type":"product","link":"https:\/\/uj.adatbank.ro\/lexikon\/termek\/szakats-peter-galfalvi\/","title":{"rendered":"SZAK\u00c1TS P\u00e9ter, g\u00e1lfalvi"},"content":{"rendered":"<p>? \u2020?: adom\u00e1nyoz\u00f3. \u2013 Feles\u00e9ge: Cseffei Borb\u00e1la. \u2013 A v\u00e1mosg\u00e1lfalvi egyh\u00e1zk\u00f6zs\u00e9gnek aranyozott ez\u00fcst kup\u00e1t aj\u00e1nd\u00e9kozott (1674). <br \/><strong>Irod.:<\/strong> K\u00fck\u00fcll\u0151i Ref. Egyh\u00e1zm. 4.<\/br><\/p>\n","protected":false},"excerpt":{"rendered":"<p>? \u2020?: adom\u00e1nyoz\u00f3. \u2013 Feles\u00e9ge: Cseffei Borb\u00e1la. \u2013 A v\u00e1mosg\u00e1lfalvi egyh\u00e1zk\u00f6zs\u00e9gnek aranyozott ez\u00fcst kup\u00e1t aj\u00e1nd\u00e9kozott (1674). Irod.: K\u00fck\u00fcll\u0151i Ref. Egyh\u00e1zm. 4.<\/p>\n","protected":false},"featured_media":0,"comment_status":"open","ping_status":"closed","template":"","meta":[],"product_brand":[],"product_cat":[137],"product_tag":[],"class_list":{"0":"post-21349","1":"product","2":"type-product","3":"status-publish","5":"product_cat-maros-megyei-eletrajzi-lexikon","7":"first","8":"instock","9":"shipping-taxable","10":"product-type-simple"},"_links":{"self":[{"href":"https:\/\/uj.adatbank.ro\/lexikon\/wp-json\/wp\/v2\/product\/21349","targetHints":{"allow":["GET"]}}],"collection":[{"href":"https:\/\/uj.adatbank.ro\/lexikon\/wp-json\/wp\/v2\/product"}],"about":[{"href":"https:\/\/uj.adatbank.ro\/lexikon\/wp-json\/wp\/v2\/types\/product"}],"replies":[{"embeddable":true,"href":"https:\/\/uj.adatbank.ro\/lexikon\/wp-json\/wp\/v2\/comments?post=21349"}],"wp:attachment":[{"href":"https:\/\/uj.adatbank.ro\/lexikon\/wp-json\/wp\/v2\/media?parent=21349"}],"wp:term":[{"taxonomy":"product_brand","embeddable":true,"href":"https:\/\/uj.adatbank.ro\/lexikon\/wp-json\/wp\/v2\/product_brand?post=21349"},{"taxonomy":"product_cat","embeddable":true,"href":"https:\/\/uj.adatbank.ro\/lexikon\/wp-json\/wp\/v2\/product_cat?post=21349"},{"taxonomy":"product_tag","embeddable":true,"href":"https:\/\/uj.adatbank.ro\/lexikon\/wp-json\/wp\/v2\/product_tag?post=21349"}],"curies":[{"name":"wp","href":"https:\/\/api.w.org\/{rel}","templated":true}]}}