{"id":21351,"date":"2025-07-22T19:21:51","date_gmt":"2025-07-22T17:21:51","guid":{"rendered":"https:\/\/uj.adatbank.ro\/lexikon\/termek\/szakmari-otves-janos-szatthmari-szatmari-eotvos\/"},"modified":"2025-07-22T19:21:51","modified_gmt":"2025-07-22T17:21:51","slug":"szakmari-otves-janos-szatthmari-szatmari-eotvos","status":"publish","type":"product","link":"https:\/\/uj.adatbank.ro\/lexikon\/termek\/szakmari-otves-janos-szatthmari-szatmari-eotvos\/","title":{"rendered":"SZAKM\u00c1RI \u00d6tves J\u00e1nos, Szatthm\u00e1ri, Szatm\u00e1ri, E\u00f6tv\u00f6s"},"content":{"rendered":"<p>? 1678\/1679., \u2020? 1759.: \u00f6tv\u00f6smester, kr\u00f3nika\u00edr\u00f3. \u2013 Mv.-i iparos csal\u00e1d fia. Tanonc- \u00e9s inaskor\u00e1ban Kv.-on, Nagyszebenben, Kom\u00e1romban, Gy\u0151rben \u00e9s V\u00e1radon tanulta mesters\u00e9get idegen mesterek mellett (1699\u20131702). K\u00e9tszer n\u0151s\u00fclt (1706 \u00e9s 1723), t\u00edz gyermeke k\u00f6z\u00fcl csak h\u00e1rom \u00e9rte meg a feln\u0151tkort. Az \u00f6tv\u00f6s c\u00e9h mestere (32 \u00e9vig), ifj\u00fapolg\u00e1r, esk\u00fcdt, v\u00e1rosi tan\u00e1csos (1715\u2013). V\u00e1rosi polg\u00e1r, aki volt borb\u00edr\u00f3, az ekl\u00e9zsia kur\u00e1tora, kv\u00e1rt\u00e9lymester. Volt h\u00e1za (Szentgy\u00f6rgy u.), sz\u0151l\u0151birtoka. R\u00e9szt vett II. R\u00e1k\u00f3czi Ferenc fejedelmi beiktat\u00e1s\u00e1n (1708). A maga \u00e9let\u00e9nek t\u00f6rt\u00e9net\u00e9b\u0151l k\u00e9sz\u00edtett feljegyz\u00e9seket, amelyben meg\u00f6r\u00f6k\u00edtette a mv.-i id\u0151j\u00e1r\u00e1s, a bor- \u00e9s a b\u00fazaterm\u00e9s \u00e9vi jellemz\u0151it (1708\u201358). Napl\u00f3j\u00e1t a Teleki-Bolyai K\u00f6nyvt\u00e1r \u0151rzi. \u2013 <strong><strong>F. m.<\/strong><\/strong>: Szatm\u00e1ri \u00d6tv\u00f6s J\u00e1nos marosv\u00e1s\u00e1rhelyi \u00f6tv\u00f6s f\u00f6ljegyz\u00e9sei, 1699\u20131759: Memoriale = Marossz\u00e9ki kr\u00f3nik\u00e1k, 2. <br \/><strong>Irod.:<\/strong> Marossz\u00e9ki kr\u00f3nik\u00e1k, 1\u20132; P\u00e1l-Antal 2009; Sebesty\u00e9n Mih\u00e1ly: Napt\u00e1ri feljegyz\u00e9sek a 18. sz\u00e1zadb\u00f3l (V. Z., 1989. \u00e1pr. 16.); Tonk S.: Mv.-i kr\u00f3nik\u00e1sok = Mv. t\u00f6rt\u00e9net\u00e9b\u0151l.<\/br><\/p>\n","protected":false},"excerpt":{"rendered":"<p>? 1678\/1679., \u2020? 1759.: \u00f6tv\u00f6smester, kr\u00f3nika\u00edr\u00f3. \u2013 Mv.-i iparos csal\u00e1d fia. Tanonc- \u00e9s inaskor\u00e1ban Kv.-on, Nagyszebenben, Kom\u00e1romban, Gy\u0151rben \u00e9s V\u00e1radon tanulta mesters\u00e9get idegen mesterek mellett (1699\u20131702). K\u00e9tszer n\u0151s\u00fclt (1706 \u00e9s 1723), t\u00edz gyermeke k\u00f6z\u00fcl csak h\u00e1rom \u00e9rte meg a feln\u0151tkort. Az \u00f6tv\u00f6s c\u00e9h mestere (32 \u00e9vig), ifj\u00fapolg\u00e1r, esk\u00fcdt, v\u00e1rosi tan\u00e1csos (1715\u2013). V\u00e1rosi polg\u00e1r, aki volt [&hellip;]<\/p>\n","protected":false},"featured_media":0,"comment_status":"open","ping_status":"closed","template":"","meta":[],"product_brand":[],"product_cat":[137],"product_tag":[],"class_list":{"0":"post-21351","1":"product","2":"type-product","3":"status-publish","5":"product_cat-maros-megyei-eletrajzi-lexikon","7":"first","8":"instock","9":"shipping-taxable","10":"product-type-simple"},"_links":{"self":[{"href":"https:\/\/uj.adatbank.ro\/lexikon\/wp-json\/wp\/v2\/product\/21351","targetHints":{"allow":["GET"]}}],"collection":[{"href":"https:\/\/uj.adatbank.ro\/lexikon\/wp-json\/wp\/v2\/product"}],"about":[{"href":"https:\/\/uj.adatbank.ro\/lexikon\/wp-json\/wp\/v2\/types\/product"}],"replies":[{"embeddable":true,"href":"https:\/\/uj.adatbank.ro\/lexikon\/wp-json\/wp\/v2\/comments?post=21351"}],"wp:attachment":[{"href":"https:\/\/uj.adatbank.ro\/lexikon\/wp-json\/wp\/v2\/media?parent=21351"}],"wp:term":[{"taxonomy":"product_brand","embeddable":true,"href":"https:\/\/uj.adatbank.ro\/lexikon\/wp-json\/wp\/v2\/product_brand?post=21351"},{"taxonomy":"product_cat","embeddable":true,"href":"https:\/\/uj.adatbank.ro\/lexikon\/wp-json\/wp\/v2\/product_cat?post=21351"},{"taxonomy":"product_tag","embeddable":true,"href":"https:\/\/uj.adatbank.ro\/lexikon\/wp-json\/wp\/v2\/product_tag?post=21351"}],"curies":[{"name":"wp","href":"https:\/\/api.w.org\/{rel}","templated":true}]}}