{"id":21353,"date":"2025-07-22T19:21:54","date_gmt":"2025-07-22T17:21:54","guid":{"rendered":"https:\/\/uj.adatbank.ro\/lexikon\/termek\/szakmary-irma-betegh-sandorne\/"},"modified":"2025-07-22T19:21:54","modified_gmt":"2025-07-22T17:21:54","slug":"szakmary-irma-betegh-sandorne","status":"publish","type":"product","link":"https:\/\/uj.adatbank.ro\/lexikon\/termek\/szakmary-irma-betegh-sandorne\/","title":{"rendered":"SZAKM\u00c1RY Irma; Betegh S\u00e1ndorn\u00e9"},"content":{"rendered":"<p>? \u2020 Fel\u0151r, 1933. dec. 3., temetve Mez\u0151szengyelen: mez\u0151szengyeli birtokos. \u2013 Orb\u00e1n Bal\u00e1zs A Sz\u00e9kelyf\u00f6ld le\u00edr\u00e1sa Marossz\u00e9k c. k\u00f6tet\u00e9nek p\u00e1rtol\u00f3 el\u0151fizet\u0151je volt. <br \/><strong>Irod.:<\/strong> csal\u00e1di inf.; Orb\u00e1n Bal\u00e1zs A Sz\u00e9kelyf\u00f6ld le\u00edr\u00e1sa Marossz\u00e9k.<\/br><\/p>\n","protected":false},"excerpt":{"rendered":"<p>? \u2020 Fel\u0151r, 1933. dec. 3., temetve Mez\u0151szengyelen: mez\u0151szengyeli birtokos. \u2013 Orb\u00e1n Bal\u00e1zs A Sz\u00e9kelyf\u00f6ld le\u00edr\u00e1sa Marossz\u00e9k c. k\u00f6tet\u00e9nek p\u00e1rtol\u00f3 el\u0151fizet\u0151je volt. Irod.: csal\u00e1di inf.; Orb\u00e1n Bal\u00e1zs A Sz\u00e9kelyf\u00f6ld le\u00edr\u00e1sa Marossz\u00e9k.<\/p>\n","protected":false},"featured_media":0,"comment_status":"open","ping_status":"closed","template":"","meta":[],"product_brand":[],"product_cat":[137],"product_tag":[],"class_list":{"0":"post-21353","1":"product","2":"type-product","3":"status-publish","5":"product_cat-maros-megyei-eletrajzi-lexikon","7":"first","8":"instock","9":"shipping-taxable","10":"product-type-simple"},"_links":{"self":[{"href":"https:\/\/uj.adatbank.ro\/lexikon\/wp-json\/wp\/v2\/product\/21353","targetHints":{"allow":["GET"]}}],"collection":[{"href":"https:\/\/uj.adatbank.ro\/lexikon\/wp-json\/wp\/v2\/product"}],"about":[{"href":"https:\/\/uj.adatbank.ro\/lexikon\/wp-json\/wp\/v2\/types\/product"}],"replies":[{"embeddable":true,"href":"https:\/\/uj.adatbank.ro\/lexikon\/wp-json\/wp\/v2\/comments?post=21353"}],"wp:attachment":[{"href":"https:\/\/uj.adatbank.ro\/lexikon\/wp-json\/wp\/v2\/media?parent=21353"}],"wp:term":[{"taxonomy":"product_brand","embeddable":true,"href":"https:\/\/uj.adatbank.ro\/lexikon\/wp-json\/wp\/v2\/product_brand?post=21353"},{"taxonomy":"product_cat","embeddable":true,"href":"https:\/\/uj.adatbank.ro\/lexikon\/wp-json\/wp\/v2\/product_cat?post=21353"},{"taxonomy":"product_tag","embeddable":true,"href":"https:\/\/uj.adatbank.ro\/lexikon\/wp-json\/wp\/v2\/product_tag?post=21353"}],"curies":[{"name":"wp","href":"https:\/\/api.w.org\/{rel}","templated":true}]}}