{"id":21356,"date":"2025-07-22T19:22:01","date_gmt":"2025-07-22T17:22:01","guid":{"rendered":"https:\/\/uj.adatbank.ro\/lexikon\/termek\/szalai-biri\/"},"modified":"2025-07-22T19:22:01","modified_gmt":"2025-07-22T17:22:01","slug":"szalai-biri","status":"publish","type":"product","link":"https:\/\/uj.adatbank.ro\/lexikon\/termek\/szalai-biri\/","title":{"rendered":"SZALAI Biri"},"content":{"rendered":"<p>? 1900? \u2020: n\u00f3tafa. \u2013 \u00c9nekelt Bart\u00f3k B\u00e9l\u00e1nak, amikor Bart\u00f3k n\u00e9pzenei gy\u0171jt\u0151\u00fatj\u00e1n eljutott Kisg\u00f6rg\u00e9nybe is (1914 tavasz\u00e1n). <br \/><strong>Irod.:<\/strong> Sipos S\u00e1ndor: B. Kisg\u00f6rg\u00e9nyben (N\u00fa., M\u00fazsa, 216. sz., 1995. okt. 6.).<\/br><\/p>\n","protected":false},"excerpt":{"rendered":"<p>? 1900? \u2020: n\u00f3tafa. \u2013 \u00c9nekelt Bart\u00f3k B\u00e9l\u00e1nak, amikor Bart\u00f3k n\u00e9pzenei gy\u0171jt\u0151\u00fatj\u00e1n eljutott Kisg\u00f6rg\u00e9nybe is (1914 tavasz\u00e1n). Irod.: Sipos S\u00e1ndor: B. Kisg\u00f6rg\u00e9nyben (N\u00fa., M\u00fazsa, 216. sz., 1995. okt. 6.).<\/p>\n","protected":false},"featured_media":0,"comment_status":"open","ping_status":"closed","template":"","meta":[],"product_brand":[],"product_cat":[137],"product_tag":[],"class_list":{"0":"post-21356","1":"product","2":"type-product","3":"status-publish","5":"product_cat-maros-megyei-eletrajzi-lexikon","7":"first","8":"instock","9":"shipping-taxable","10":"product-type-simple"},"_links":{"self":[{"href":"https:\/\/uj.adatbank.ro\/lexikon\/wp-json\/wp\/v2\/product\/21356","targetHints":{"allow":["GET"]}}],"collection":[{"href":"https:\/\/uj.adatbank.ro\/lexikon\/wp-json\/wp\/v2\/product"}],"about":[{"href":"https:\/\/uj.adatbank.ro\/lexikon\/wp-json\/wp\/v2\/types\/product"}],"replies":[{"embeddable":true,"href":"https:\/\/uj.adatbank.ro\/lexikon\/wp-json\/wp\/v2\/comments?post=21356"}],"wp:attachment":[{"href":"https:\/\/uj.adatbank.ro\/lexikon\/wp-json\/wp\/v2\/media?parent=21356"}],"wp:term":[{"taxonomy":"product_brand","embeddable":true,"href":"https:\/\/uj.adatbank.ro\/lexikon\/wp-json\/wp\/v2\/product_brand?post=21356"},{"taxonomy":"product_cat","embeddable":true,"href":"https:\/\/uj.adatbank.ro\/lexikon\/wp-json\/wp\/v2\/product_cat?post=21356"},{"taxonomy":"product_tag","embeddable":true,"href":"https:\/\/uj.adatbank.ro\/lexikon\/wp-json\/wp\/v2\/product_tag?post=21356"}],"curies":[{"name":"wp","href":"https:\/\/api.w.org\/{rel}","templated":true}]}}