{"id":21357,"date":"2025-07-22T19:22:03","date_gmt":"2025-07-22T17:22:03","guid":{"rendered":"https:\/\/uj.adatbank.ro\/lexikon\/termek\/szalai-gyorgy\/"},"modified":"2025-07-22T19:22:03","modified_gmt":"2025-07-22T17:22:03","slug":"szalai-gyorgy","status":"publish","type":"product","link":"https:\/\/uj.adatbank.ro\/lexikon\/termek\/szalai-gyorgy\/","title":{"rendered":"SZALAI Gy\u00f6rgy"},"content":{"rendered":"<p>? \u2020?: mv.-i polg\u00e1r. \u2013 Fels\u00e9g\u00e1rul\u00e1s\u00e9rt \u00edt\u00e9lt\u00e9k el (1711), mv.-i h\u00e1z\u00e1nak (a 17. sz. v\u00e9g\u00e9n \u00e9p\u00fclt) egy r\u00e9sz\u00e9t elkobozt\u00e1k t\u0151le, \u00e9s fejedelmi adom\u00e1nyk\u00e9nt Marossz\u00e9k birtok\u00e1ba ker\u00fclt, m\u00edg a m\u00e1sik r\u00e9sz\u00e9t megv\u00e1s\u00e1rolt\u00e1k t\u0151le. Ez k\u00e9pezte a r\u00e9gi V\u00e1rmegyeh\u00e1za legr\u00e9gibb r\u00e9sz\u00e9t (1746), k\u00e9s\u0151bb tov\u00e1bb \u00e9p\u00edtett\u00e9k (1838\u201342; Bolyai u. 5.). Ma k\u00e9pz\u0151m\u0171v\u00e9szek m\u0171termei tal\u00e1lhat\u00f3k ebben az \u00e9p\u00fcletben. \u2013 Irod: Keresztese Gyula: R\u00e9gi V\u00e1rmegyeh\u00e1za (N\u00fa., 1990. m\u00e1j. 11.); Id\u0151t\u00e1r 1; Keresztese Gyula: A hajdani Mv. 6.: A v\u00e1ros r\u00e9gi \u00e9p\u00fcletei (N\u00fa., 1995. nov. 11.); Kr\u00f3n F\u00fcz. (1937.2.7); Maros megye.<\/br><\/p>\n","protected":false},"excerpt":{"rendered":"<p>? \u2020?: mv.-i polg\u00e1r. \u2013 Fels\u00e9g\u00e1rul\u00e1s\u00e9rt \u00edt\u00e9lt\u00e9k el (1711), mv.-i h\u00e1z\u00e1nak (a 17. sz. v\u00e9g\u00e9n \u00e9p\u00fclt) egy r\u00e9sz\u00e9t elkobozt\u00e1k t\u0151le, \u00e9s fejedelmi adom\u00e1nyk\u00e9nt Marossz\u00e9k birtok\u00e1ba ker\u00fclt, m\u00edg a m\u00e1sik r\u00e9sz\u00e9t megv\u00e1s\u00e1rolt\u00e1k t\u0151le. Ez k\u00e9pezte a r\u00e9gi V\u00e1rmegyeh\u00e1za legr\u00e9gibb r\u00e9sz\u00e9t (1746), k\u00e9s\u0151bb tov\u00e1bb \u00e9p\u00edtett\u00e9k (1838\u201342; Bolyai u. 5.). Ma k\u00e9pz\u0151m\u0171v\u00e9szek m\u0171termei tal\u00e1lhat\u00f3k ebben az \u00e9p\u00fcletben. \u2013 [&hellip;]<\/p>\n","protected":false},"featured_media":0,"comment_status":"open","ping_status":"closed","template":"","meta":[],"product_brand":[],"product_cat":[137],"product_tag":[],"class_list":{"0":"post-21357","1":"product","2":"type-product","3":"status-publish","5":"product_cat-maros-megyei-eletrajzi-lexikon","7":"first","8":"instock","9":"shipping-taxable","10":"product-type-simple"},"_links":{"self":[{"href":"https:\/\/uj.adatbank.ro\/lexikon\/wp-json\/wp\/v2\/product\/21357","targetHints":{"allow":["GET"]}}],"collection":[{"href":"https:\/\/uj.adatbank.ro\/lexikon\/wp-json\/wp\/v2\/product"}],"about":[{"href":"https:\/\/uj.adatbank.ro\/lexikon\/wp-json\/wp\/v2\/types\/product"}],"replies":[{"embeddable":true,"href":"https:\/\/uj.adatbank.ro\/lexikon\/wp-json\/wp\/v2\/comments?post=21357"}],"wp:attachment":[{"href":"https:\/\/uj.adatbank.ro\/lexikon\/wp-json\/wp\/v2\/media?parent=21357"}],"wp:term":[{"taxonomy":"product_brand","embeddable":true,"href":"https:\/\/uj.adatbank.ro\/lexikon\/wp-json\/wp\/v2\/product_brand?post=21357"},{"taxonomy":"product_cat","embeddable":true,"href":"https:\/\/uj.adatbank.ro\/lexikon\/wp-json\/wp\/v2\/product_cat?post=21357"},{"taxonomy":"product_tag","embeddable":true,"href":"https:\/\/uj.adatbank.ro\/lexikon\/wp-json\/wp\/v2\/product_tag?post=21357"}],"curies":[{"name":"wp","href":"https:\/\/api.w.org\/{rel}","templated":true}]}}