{"id":21359,"date":"2025-07-22T19:22:06","date_gmt":"2025-07-22T17:22:06","guid":{"rendered":"https:\/\/uj.adatbank.ro\/lexikon\/termek\/szalanczi-gyorgy\/"},"modified":"2025-07-22T19:22:06","modified_gmt":"2025-07-22T17:22:06","slug":"szalanczi-gyorgy","status":"publish","type":"product","link":"https:\/\/uj.adatbank.ro\/lexikon\/termek\/szalanczi-gyorgy\/","title":{"rendered":"SZAL\u00c1NCZI Gy\u00f6rgy"},"content":{"rendered":"<p>? \u2020?: f\u00f6ldbirtokos. \u2013 Feles\u00e9ge: Bal\u00e1sfi Magdolna. Fi\u00fak v. unok\u00e1juk: Sz. Istv\u00e1n. \u2013 Mar\u00f3scsap\u00f3n voltak birtokai, amit h\u00e1zass\u00e1ga r\u00e9v\u00e9n szerzett (1575 k.). Az unit\u00e1rius falu n\u00e9p\u00e9t reform\u00e1tusra t\u00e9r\u00edtette (16. sz?). <br \/><strong>Irod.:<\/strong> Bodolai Gy\u00f6ngyi: Gazd\u00e1tlanul (N\u00fa., 1998. m\u00e1rc. 3.); K\u00fck\u00fcll\u0151i Ref. Egyh\u00e1zm. 4.<\/br><\/p>\n","protected":false},"excerpt":{"rendered":"<p>? \u2020?: f\u00f6ldbirtokos. \u2013 Feles\u00e9ge: Bal\u00e1sfi Magdolna. Fi\u00fak v. unok\u00e1juk: Sz. Istv\u00e1n. \u2013 Mar\u00f3scsap\u00f3n voltak birtokai, amit h\u00e1zass\u00e1ga r\u00e9v\u00e9n szerzett (1575 k.). Az unit\u00e1rius falu n\u00e9p\u00e9t reform\u00e1tusra t\u00e9r\u00edtette (16. sz?). Irod.: Bodolai Gy\u00f6ngyi: Gazd\u00e1tlanul (N\u00fa., 1998. m\u00e1rc. 3.); K\u00fck\u00fcll\u0151i Ref. Egyh\u00e1zm. 4.<\/p>\n","protected":false},"featured_media":0,"comment_status":"open","ping_status":"closed","template":"","meta":[],"product_brand":[],"product_cat":[137],"product_tag":[],"class_list":{"0":"post-21359","1":"product","2":"type-product","3":"status-publish","5":"product_cat-maros-megyei-eletrajzi-lexikon","7":"first","8":"instock","9":"shipping-taxable","10":"product-type-simple"},"_links":{"self":[{"href":"https:\/\/uj.adatbank.ro\/lexikon\/wp-json\/wp\/v2\/product\/21359","targetHints":{"allow":["GET"]}}],"collection":[{"href":"https:\/\/uj.adatbank.ro\/lexikon\/wp-json\/wp\/v2\/product"}],"about":[{"href":"https:\/\/uj.adatbank.ro\/lexikon\/wp-json\/wp\/v2\/types\/product"}],"replies":[{"embeddable":true,"href":"https:\/\/uj.adatbank.ro\/lexikon\/wp-json\/wp\/v2\/comments?post=21359"}],"wp:attachment":[{"href":"https:\/\/uj.adatbank.ro\/lexikon\/wp-json\/wp\/v2\/media?parent=21359"}],"wp:term":[{"taxonomy":"product_brand","embeddable":true,"href":"https:\/\/uj.adatbank.ro\/lexikon\/wp-json\/wp\/v2\/product_brand?post=21359"},{"taxonomy":"product_cat","embeddable":true,"href":"https:\/\/uj.adatbank.ro\/lexikon\/wp-json\/wp\/v2\/product_cat?post=21359"},{"taxonomy":"product_tag","embeddable":true,"href":"https:\/\/uj.adatbank.ro\/lexikon\/wp-json\/wp\/v2\/product_tag?post=21359"}],"curies":[{"name":"wp","href":"https:\/\/api.w.org\/{rel}","templated":true}]}}