{"id":2136,"date":"2025-06-28T12:04:54","date_gmt":"2025-06-28T10:04:54","guid":{"rendered":"https:\/\/uj.adatbank.ro\/lexikon\/termek\/bandi-gyorgy-szoverdi\/"},"modified":"2026-02-16T14:34:41","modified_gmt":"2026-02-16T13:34:41","slug":"bandi-gyorgy-szoverdi","status":"publish","type":"product","link":"https:\/\/uj.adatbank.ro\/lexikon\/termek\/bandi-gyorgy-szoverdi\/","title":{"rendered":"B\u00c1NDI Gy\u00f6rgy, sz\u00f6v\u00e9rdi"},"content":{"rendered":"<p>? \u2020 ?: primipilus. \u2013 Primipilusi levelet R\u00e1k\u00f3czi Gy\u00f6rgyt\u0151l nyert (1655. j\u00fan. 28.).<br \/>\n<strong>Irod.:<\/strong> P\u00e1lmay<\/p>\n","protected":false},"excerpt":{"rendered":"<p>? \u2020 ?: primipilus. \u2013 Primipilusi levelet R\u00e1k\u00f3czi Gy\u00f6rgyt\u0151l nyert (1655. j\u00fan. 28.). Irod.: P\u00e1lmay<\/p>\n","protected":false},"featured_media":0,"comment_status":"open","ping_status":"closed","template":"","meta":[],"product_brand":[],"product_cat":[137],"product_tag":[],"class_list":{"0":"post-2136","1":"product","2":"type-product","3":"status-publish","5":"product_cat-maros-megyei-eletrajzi-lexikon","7":"first","8":"instock","9":"shipping-taxable","10":"product-type-simple"},"_links":{"self":[{"href":"https:\/\/uj.adatbank.ro\/lexikon\/wp-json\/wp\/v2\/product\/2136","targetHints":{"allow":["GET"]}}],"collection":[{"href":"https:\/\/uj.adatbank.ro\/lexikon\/wp-json\/wp\/v2\/product"}],"about":[{"href":"https:\/\/uj.adatbank.ro\/lexikon\/wp-json\/wp\/v2\/types\/product"}],"replies":[{"embeddable":true,"href":"https:\/\/uj.adatbank.ro\/lexikon\/wp-json\/wp\/v2\/comments?post=2136"}],"wp:attachment":[{"href":"https:\/\/uj.adatbank.ro\/lexikon\/wp-json\/wp\/v2\/media?parent=2136"}],"wp:term":[{"taxonomy":"product_brand","embeddable":true,"href":"https:\/\/uj.adatbank.ro\/lexikon\/wp-json\/wp\/v2\/product_brand?post=2136"},{"taxonomy":"product_cat","embeddable":true,"href":"https:\/\/uj.adatbank.ro\/lexikon\/wp-json\/wp\/v2\/product_cat?post=2136"},{"taxonomy":"product_tag","embeddable":true,"href":"https:\/\/uj.adatbank.ro\/lexikon\/wp-json\/wp\/v2\/product_tag?post=2136"}],"curies":[{"name":"wp","href":"https:\/\/api.w.org\/{rel}","templated":true}]}}