{"id":21360,"date":"2025-07-22T19:22:08","date_gmt":"2025-07-22T17:22:08","guid":{"rendered":"https:\/\/uj.adatbank.ro\/lexikon\/termek\/szalanczi-gyorgy-szalanczy-gyorgy\/"},"modified":"2025-07-22T19:22:08","modified_gmt":"2025-07-22T17:22:08","slug":"szalanczi-gyorgy-szalanczy-gyorgy","status":"publish","type":"product","link":"https:\/\/uj.adatbank.ro\/lexikon\/termek\/szalanczi-gyorgy-szalanczy-gyorgy\/","title":{"rendered":"SZAL\u00c1NCZI Gy\u00f6rgy, Szal\u00e1nczy Gy\u00f6rgy"},"content":{"rendered":"<p>? \u2020?: f\u00f6ldbirtokos. \u2013 Udvarh\u00e1za volt Hadr\u00e9ven (19. sz. \u201320. sz.). Val\u00f3sz\u00edn\u0171 az \u0151 feles\u00e9ge Bethlen \u00c9va, aki Hadr\u00e9ven \u00e9rte meg a II. vh.-t, majd Kv.-ra ker\u00fclt k\u00e9t gyermek\u00e9vel, k\u00f6nyvel\u0151k\u00e9nt dolgozott, innen kidobt\u00e1k \u00e9s borpinc\u00e9ben dolgozott tov\u00e1bb. <br \/><strong>Irod.:<\/strong> G\u00e1l; Keresztes Gyula: A Mez\u0151s\u00e9g udvarh\u00e1zai 1. (N\u00fa., 1994. j\u00fan. 17).<\/br><\/p>\n","protected":false},"excerpt":{"rendered":"<p>? \u2020?: f\u00f6ldbirtokos. \u2013 Udvarh\u00e1za volt Hadr\u00e9ven (19. sz. \u201320. sz.). Val\u00f3sz\u00edn\u0171 az \u0151 feles\u00e9ge Bethlen \u00c9va, aki Hadr\u00e9ven \u00e9rte meg a II. vh.-t, majd Kv.-ra ker\u00fclt k\u00e9t gyermek\u00e9vel, k\u00f6nyvel\u0151k\u00e9nt dolgozott, innen kidobt\u00e1k \u00e9s borpinc\u00e9ben dolgozott tov\u00e1bb. Irod.: G\u00e1l; Keresztes Gyula: A Mez\u0151s\u00e9g udvarh\u00e1zai 1. (N\u00fa., 1994. j\u00fan. 17).<\/p>\n","protected":false},"featured_media":0,"comment_status":"open","ping_status":"closed","template":"","meta":[],"product_brand":[],"product_cat":[137],"product_tag":[],"class_list":{"0":"post-21360","1":"product","2":"type-product","3":"status-publish","5":"product_cat-maros-megyei-eletrajzi-lexikon","7":"first","8":"instock","9":"shipping-taxable","10":"product-type-simple"},"_links":{"self":[{"href":"https:\/\/uj.adatbank.ro\/lexikon\/wp-json\/wp\/v2\/product\/21360","targetHints":{"allow":["GET"]}}],"collection":[{"href":"https:\/\/uj.adatbank.ro\/lexikon\/wp-json\/wp\/v2\/product"}],"about":[{"href":"https:\/\/uj.adatbank.ro\/lexikon\/wp-json\/wp\/v2\/types\/product"}],"replies":[{"embeddable":true,"href":"https:\/\/uj.adatbank.ro\/lexikon\/wp-json\/wp\/v2\/comments?post=21360"}],"wp:attachment":[{"href":"https:\/\/uj.adatbank.ro\/lexikon\/wp-json\/wp\/v2\/media?parent=21360"}],"wp:term":[{"taxonomy":"product_brand","embeddable":true,"href":"https:\/\/uj.adatbank.ro\/lexikon\/wp-json\/wp\/v2\/product_brand?post=21360"},{"taxonomy":"product_cat","embeddable":true,"href":"https:\/\/uj.adatbank.ro\/lexikon\/wp-json\/wp\/v2\/product_cat?post=21360"},{"taxonomy":"product_tag","embeddable":true,"href":"https:\/\/uj.adatbank.ro\/lexikon\/wp-json\/wp\/v2\/product_tag?post=21360"}],"curies":[{"name":"wp","href":"https:\/\/api.w.org\/{rel}","templated":true}]}}