{"id":21362,"date":"2025-07-22T19:22:14","date_gmt":"2025-07-22T17:22:14","guid":{"rendered":"https:\/\/uj.adatbank.ro\/lexikon\/termek\/szalanczi-istvan-2\/"},"modified":"2025-07-22T19:22:14","modified_gmt":"2025-07-22T17:22:14","slug":"szalanczi-istvan-2","status":"publish","type":"product","link":"https:\/\/uj.adatbank.ro\/lexikon\/termek\/szalanczi-istvan-2\/","title":{"rendered":"SZAL\u00c1NCZI Istv\u00e1n"},"content":{"rendered":"<p>? \u2020?: patr\u00f3nus. \u2013 Feles\u00e9ge: Nagy Margit. \u2013 Maroscsap\u00f3i csal\u00e1d patr\u00f3nusk\u00e9nt t\u00e1mogatta a ref. egyh\u00e1zat, a templom \u00e9p\u00edttet\u00e9s\u00e9t \u00e9s kazett\u00e1s mennyezet\u00e9nek k\u00e9sz\u00edt\u00e9s\u00e9t t\u00e1mogatta (1676). <br \/><strong>Irod.:<\/strong> K\u00fck\u00fcll\u0151i Ref. Egyh\u00e1zm. 4.<\/br><\/p>\n","protected":false},"excerpt":{"rendered":"<p>? \u2020?: patr\u00f3nus. \u2013 Feles\u00e9ge: Nagy Margit. \u2013 Maroscsap\u00f3i csal\u00e1d patr\u00f3nusk\u00e9nt t\u00e1mogatta a ref. egyh\u00e1zat, a templom \u00e9p\u00edttet\u00e9s\u00e9t \u00e9s kazett\u00e1s mennyezet\u00e9nek k\u00e9sz\u00edt\u00e9s\u00e9t t\u00e1mogatta (1676). Irod.: K\u00fck\u00fcll\u0151i Ref. Egyh\u00e1zm. 4.<\/p>\n","protected":false},"featured_media":0,"comment_status":"open","ping_status":"closed","template":"","meta":[],"product_brand":[],"product_cat":[137],"product_tag":[],"class_list":{"0":"post-21362","1":"product","2":"type-product","3":"status-publish","5":"product_cat-maros-megyei-eletrajzi-lexikon","7":"first","8":"instock","9":"shipping-taxable","10":"product-type-simple"},"_links":{"self":[{"href":"https:\/\/uj.adatbank.ro\/lexikon\/wp-json\/wp\/v2\/product\/21362","targetHints":{"allow":["GET"]}}],"collection":[{"href":"https:\/\/uj.adatbank.ro\/lexikon\/wp-json\/wp\/v2\/product"}],"about":[{"href":"https:\/\/uj.adatbank.ro\/lexikon\/wp-json\/wp\/v2\/types\/product"}],"replies":[{"embeddable":true,"href":"https:\/\/uj.adatbank.ro\/lexikon\/wp-json\/wp\/v2\/comments?post=21362"}],"wp:attachment":[{"href":"https:\/\/uj.adatbank.ro\/lexikon\/wp-json\/wp\/v2\/media?parent=21362"}],"wp:term":[{"taxonomy":"product_brand","embeddable":true,"href":"https:\/\/uj.adatbank.ro\/lexikon\/wp-json\/wp\/v2\/product_brand?post=21362"},{"taxonomy":"product_cat","embeddable":true,"href":"https:\/\/uj.adatbank.ro\/lexikon\/wp-json\/wp\/v2\/product_cat?post=21362"},{"taxonomy":"product_tag","embeddable":true,"href":"https:\/\/uj.adatbank.ro\/lexikon\/wp-json\/wp\/v2\/product_tag?post=21362"}],"curies":[{"name":"wp","href":"https:\/\/api.w.org\/{rel}","templated":true}]}}