{"id":21367,"date":"2025-07-22T19:22:24","date_gmt":"2025-07-22T17:22:24","guid":{"rendered":"https:\/\/uj.adatbank.ro\/lexikon\/termek\/szalanczi-laszlo-szenttamasi-szalanczy-laszlo-2\/"},"modified":"2025-07-22T19:22:24","modified_gmt":"2025-07-22T17:22:24","slug":"szalanczi-laszlo-szenttamasi-szalanczy-laszlo-2","status":"publish","type":"product","link":"https:\/\/uj.adatbank.ro\/lexikon\/termek\/szalanczi-laszlo-szenttamasi-szalanczy-laszlo-2\/","title":{"rendered":"SZAL\u00c1NCZI L\u00e1szl\u00f3, szenttam\u00e1si, Szal\u00e1nczy L\u00e1szl\u00f3"},"content":{"rendered":"<p>? \u2020?: birtokos. \u2013 Testv\u00e9rei: G\u00e1bor, M\u00e1ria, Kl\u00e1ra. Feles\u00e9ge Pap S\u00e1ra. \u2013 A maroscsap\u00f3i ref. templomnak sz\u0151nyeget adom\u00e1nyozott (1714), a mennyezet\u00e9t (1743) \u00e9s a karzatmellv\u00e9det \u00faj\u00edttatt\u00e1k meg (1746). <br \/><strong>Irod.:<\/strong> K\u00fck\u00fcll\u0151i Ref. Egyh\u00e1zm. 4.<\/br><\/p>\n","protected":false},"excerpt":{"rendered":"<p>? \u2020?: birtokos. \u2013 Testv\u00e9rei: G\u00e1bor, M\u00e1ria, Kl\u00e1ra. Feles\u00e9ge Pap S\u00e1ra. \u2013 A maroscsap\u00f3i ref. templomnak sz\u0151nyeget adom\u00e1nyozott (1714), a mennyezet\u00e9t (1743) \u00e9s a karzatmellv\u00e9det \u00faj\u00edttatt\u00e1k meg (1746). Irod.: K\u00fck\u00fcll\u0151i Ref. Egyh\u00e1zm. 4.<\/p>\n","protected":false},"featured_media":0,"comment_status":"open","ping_status":"closed","template":"","meta":[],"product_brand":[],"product_cat":[137],"product_tag":[],"class_list":{"0":"post-21367","1":"product","2":"type-product","3":"status-publish","5":"product_cat-maros-megyei-eletrajzi-lexikon","7":"first","8":"instock","9":"shipping-taxable","10":"product-type-simple"},"_links":{"self":[{"href":"https:\/\/uj.adatbank.ro\/lexikon\/wp-json\/wp\/v2\/product\/21367","targetHints":{"allow":["GET"]}}],"collection":[{"href":"https:\/\/uj.adatbank.ro\/lexikon\/wp-json\/wp\/v2\/product"}],"about":[{"href":"https:\/\/uj.adatbank.ro\/lexikon\/wp-json\/wp\/v2\/types\/product"}],"replies":[{"embeddable":true,"href":"https:\/\/uj.adatbank.ro\/lexikon\/wp-json\/wp\/v2\/comments?post=21367"}],"wp:attachment":[{"href":"https:\/\/uj.adatbank.ro\/lexikon\/wp-json\/wp\/v2\/media?parent=21367"}],"wp:term":[{"taxonomy":"product_brand","embeddable":true,"href":"https:\/\/uj.adatbank.ro\/lexikon\/wp-json\/wp\/v2\/product_brand?post=21367"},{"taxonomy":"product_cat","embeddable":true,"href":"https:\/\/uj.adatbank.ro\/lexikon\/wp-json\/wp\/v2\/product_cat?post=21367"},{"taxonomy":"product_tag","embeddable":true,"href":"https:\/\/uj.adatbank.ro\/lexikon\/wp-json\/wp\/v2\/product_tag?post=21367"}],"curies":[{"name":"wp","href":"https:\/\/api.w.org\/{rel}","templated":true}]}}