{"id":21368,"date":"2025-07-22T19:22:25","date_gmt":"2025-07-22T17:22:25","guid":{"rendered":"https:\/\/uj.adatbank.ro\/lexikon\/termek\/szalanczi-maria\/"},"modified":"2025-07-22T19:22:25","modified_gmt":"2025-07-22T17:22:25","slug":"szalanczi-maria","status":"publish","type":"product","link":"https:\/\/uj.adatbank.ro\/lexikon\/termek\/szalanczi-maria\/","title":{"rendered":"SZAL\u00c1NCZI M\u00e1ria"},"content":{"rendered":"<p>? \u2020?: adom\u00e1nyoz\u00f3. \u2013 A maroscsap\u00f3i ref. templom sz\u00e1m\u00e1ra r\u00e9szben aranyozott ez\u00fcst kelyhet aj\u00e1nd\u00e9kozott (1740)., meg\u00faj\u00edtotta az egyh\u00e1zk\u00f6zs\u00e9g \u00farvacsorai pohar\u00e1t. Testv\u00e9re Kl\u00e1ra, \u00faj keny\u00e9roszt\u00f3 ez\u00fcstt\u00e1ny\u00e9rt k\u00e9sz\u00edttetett (1740). <br \/><strong>Irod.:<\/strong> K\u00fck\u00fcll\u0151i Ref. Egyh\u00e1zm. 4.<\/br><\/p>\n","protected":false},"excerpt":{"rendered":"<p>? \u2020?: adom\u00e1nyoz\u00f3. \u2013 A maroscsap\u00f3i ref. templom sz\u00e1m\u00e1ra r\u00e9szben aranyozott ez\u00fcst kelyhet aj\u00e1nd\u00e9kozott (1740)., meg\u00faj\u00edtotta az egyh\u00e1zk\u00f6zs\u00e9g \u00farvacsorai pohar\u00e1t. Testv\u00e9re Kl\u00e1ra, \u00faj keny\u00e9roszt\u00f3 ez\u00fcstt\u00e1ny\u00e9rt k\u00e9sz\u00edttetett (1740). Irod.: K\u00fck\u00fcll\u0151i Ref. Egyh\u00e1zm. 4.<\/p>\n","protected":false},"featured_media":0,"comment_status":"open","ping_status":"closed","template":"","meta":[],"product_brand":[],"product_cat":[137],"product_tag":[],"class_list":{"0":"post-21368","1":"product","2":"type-product","3":"status-publish","5":"product_cat-maros-megyei-eletrajzi-lexikon","7":"first","8":"instock","9":"shipping-taxable","10":"product-type-simple"},"_links":{"self":[{"href":"https:\/\/uj.adatbank.ro\/lexikon\/wp-json\/wp\/v2\/product\/21368","targetHints":{"allow":["GET"]}}],"collection":[{"href":"https:\/\/uj.adatbank.ro\/lexikon\/wp-json\/wp\/v2\/product"}],"about":[{"href":"https:\/\/uj.adatbank.ro\/lexikon\/wp-json\/wp\/v2\/types\/product"}],"replies":[{"embeddable":true,"href":"https:\/\/uj.adatbank.ro\/lexikon\/wp-json\/wp\/v2\/comments?post=21368"}],"wp:attachment":[{"href":"https:\/\/uj.adatbank.ro\/lexikon\/wp-json\/wp\/v2\/media?parent=21368"}],"wp:term":[{"taxonomy":"product_brand","embeddable":true,"href":"https:\/\/uj.adatbank.ro\/lexikon\/wp-json\/wp\/v2\/product_brand?post=21368"},{"taxonomy":"product_cat","embeddable":true,"href":"https:\/\/uj.adatbank.ro\/lexikon\/wp-json\/wp\/v2\/product_cat?post=21368"},{"taxonomy":"product_tag","embeddable":true,"href":"https:\/\/uj.adatbank.ro\/lexikon\/wp-json\/wp\/v2\/product_tag?post=21368"}],"curies":[{"name":"wp","href":"https:\/\/api.w.org\/{rel}","templated":true}]}}