{"id":21371,"date":"2025-07-22T19:22:32","date_gmt":"2025-07-22T17:22:32","guid":{"rendered":"https:\/\/uj.adatbank.ro\/lexikon\/termek\/szalanczi-samuel-szentttamasi-szalanczy-samuel\/"},"modified":"2025-07-22T19:22:32","modified_gmt":"2025-07-22T17:22:32","slug":"szalanczi-samuel-szentttamasi-szalanczy-samuel","status":"publish","type":"product","link":"https:\/\/uj.adatbank.ro\/lexikon\/termek\/szalanczi-samuel-szentttamasi-szalanczy-samuel\/","title":{"rendered":"SZAL\u00c1NCZI S\u00e1muel, szentttam\u00e1si; Szal\u00e1nczy S\u00e1muel"},"content":{"rendered":"<p>? 1834 \u2020 Mv., 1863: kir. f\u0151korm\u00e1nysz\u00e9ki titoknok. <br \/><strong>Irod.:<\/strong> P\u00e1lmay J\u00f3zsef.<\/br><\/p>\n","protected":false},"excerpt":{"rendered":"<p>? 1834 \u2020 Mv., 1863: kir. f\u0151korm\u00e1nysz\u00e9ki titoknok. Irod.: P\u00e1lmay J\u00f3zsef.<\/p>\n","protected":false},"featured_media":0,"comment_status":"open","ping_status":"closed","template":"","meta":[],"product_brand":[],"product_cat":[137],"product_tag":[],"class_list":{"0":"post-21371","1":"product","2":"type-product","3":"status-publish","5":"product_cat-maros-megyei-eletrajzi-lexikon","7":"first","8":"instock","9":"shipping-taxable","10":"product-type-simple"},"_links":{"self":[{"href":"https:\/\/uj.adatbank.ro\/lexikon\/wp-json\/wp\/v2\/product\/21371","targetHints":{"allow":["GET"]}}],"collection":[{"href":"https:\/\/uj.adatbank.ro\/lexikon\/wp-json\/wp\/v2\/product"}],"about":[{"href":"https:\/\/uj.adatbank.ro\/lexikon\/wp-json\/wp\/v2\/types\/product"}],"replies":[{"embeddable":true,"href":"https:\/\/uj.adatbank.ro\/lexikon\/wp-json\/wp\/v2\/comments?post=21371"}],"wp:attachment":[{"href":"https:\/\/uj.adatbank.ro\/lexikon\/wp-json\/wp\/v2\/media?parent=21371"}],"wp:term":[{"taxonomy":"product_brand","embeddable":true,"href":"https:\/\/uj.adatbank.ro\/lexikon\/wp-json\/wp\/v2\/product_brand?post=21371"},{"taxonomy":"product_cat","embeddable":true,"href":"https:\/\/uj.adatbank.ro\/lexikon\/wp-json\/wp\/v2\/product_cat?post=21371"},{"taxonomy":"product_tag","embeddable":true,"href":"https:\/\/uj.adatbank.ro\/lexikon\/wp-json\/wp\/v2\/product_tag?post=21371"}],"curies":[{"name":"wp","href":"https:\/\/api.w.org\/{rel}","templated":true}]}}