{"id":21372,"date":"2025-07-22T19:22:33","date_gmt":"2025-07-22T17:22:33","guid":{"rendered":"https:\/\/uj.adatbank.ro\/lexikon\/termek\/szalanczy-ferenc-szenttamasi\/"},"modified":"2025-07-22T19:22:33","modified_gmt":"2025-07-22T17:22:33","slug":"szalanczy-ferenc-szenttamasi","status":"publish","type":"product","link":"https:\/\/uj.adatbank.ro\/lexikon\/termek\/szalanczy-ferenc-szenttamasi\/","title":{"rendered":"SZAL\u00c1NCZY Ferenc, szenttam\u00e1si"},"content":{"rendered":"<p>1817? \u2020 Mv., 1883. \u00e1pr. 27.?: ?. \u2013 Testv\u00e9re: Sz. Borb\u00e1ra. Feles\u00e9ge: gid\u00f3falvi Csisz\u00e9r Juli\u00e1nna (1816? \u2013 Mv., 1894. jan. 12.). 1. F\u00e9rj\u00e9t\u0151l fiai: Egyed Albert, Egyed K\u00e1lm\u00e1n kir. J\u00e1r\u00e1sb\u00edr\u00f3. <br \/><strong>Irod.:<\/strong> Gy\u00e1szjelent\u0151.<\/br><\/p>\n","protected":false},"excerpt":{"rendered":"<p>1817? \u2020 Mv., 1883. \u00e1pr. 27.?: ?. \u2013 Testv\u00e9re: Sz. Borb\u00e1ra. Feles\u00e9ge: gid\u00f3falvi Csisz\u00e9r Juli\u00e1nna (1816? \u2013 Mv., 1894. jan. 12.). 1. F\u00e9rj\u00e9t\u0151l fiai: Egyed Albert, Egyed K\u00e1lm\u00e1n kir. J\u00e1r\u00e1sb\u00edr\u00f3. Irod.: Gy\u00e1szjelent\u0151.<\/p>\n","protected":false},"featured_media":0,"comment_status":"open","ping_status":"closed","template":"","meta":[],"product_brand":[],"product_cat":[137],"product_tag":[],"class_list":{"0":"post-21372","1":"product","2":"type-product","3":"status-publish","5":"product_cat-maros-megyei-eletrajzi-lexikon","7":"first","8":"instock","9":"shipping-taxable","10":"product-type-simple"},"_links":{"self":[{"href":"https:\/\/uj.adatbank.ro\/lexikon\/wp-json\/wp\/v2\/product\/21372","targetHints":{"allow":["GET"]}}],"collection":[{"href":"https:\/\/uj.adatbank.ro\/lexikon\/wp-json\/wp\/v2\/product"}],"about":[{"href":"https:\/\/uj.adatbank.ro\/lexikon\/wp-json\/wp\/v2\/types\/product"}],"replies":[{"embeddable":true,"href":"https:\/\/uj.adatbank.ro\/lexikon\/wp-json\/wp\/v2\/comments?post=21372"}],"wp:attachment":[{"href":"https:\/\/uj.adatbank.ro\/lexikon\/wp-json\/wp\/v2\/media?parent=21372"}],"wp:term":[{"taxonomy":"product_brand","embeddable":true,"href":"https:\/\/uj.adatbank.ro\/lexikon\/wp-json\/wp\/v2\/product_brand?post=21372"},{"taxonomy":"product_cat","embeddable":true,"href":"https:\/\/uj.adatbank.ro\/lexikon\/wp-json\/wp\/v2\/product_cat?post=21372"},{"taxonomy":"product_tag","embeddable":true,"href":"https:\/\/uj.adatbank.ro\/lexikon\/wp-json\/wp\/v2\/product_tag?post=21372"}],"curies":[{"name":"wp","href":"https:\/\/api.w.org\/{rel}","templated":true}]}}