{"id":21373,"date":"2025-07-22T19:22:37","date_gmt":"2025-07-22T17:22:37","guid":{"rendered":"https:\/\/uj.adatbank.ro\/lexikon\/termek\/szalanczy-samuel-szenttamasi-szalantzy-samuel\/"},"modified":"2025-07-22T19:22:37","modified_gmt":"2025-07-22T17:22:37","slug":"szalanczy-samuel-szenttamasi-szalantzy-samuel","status":"publish","type":"product","link":"https:\/\/uj.adatbank.ro\/lexikon\/termek\/szalanczy-samuel-szenttamasi-szalantzy-samuel\/","title":{"rendered":"SZAL\u00c1NCZY S\u00e1muel, szenttam\u00e1si, Szal\u00e1ntzy S\u00e1muel"},"content":{"rendered":"<p>? \u2020 Mv.? szept. 1., 29 \u00e9vet \u00e9lt. : hivatalnok. \u2013 Sz. J\u00f3zsef, kir. t\u00e1blai \u00fcln\u00f6k, \u00e9s Vita Zsuzs\u00e1nna fia. Feles\u00e9ge Veres Polixena. Le\u00e1nyuk Irma. \u2013 Kir. F\u0151korm\u00e1nysz\u00e9ki titoknok. <br \/><strong>Irod.:<\/strong> Gy\u00e1szjelent\u0151.<\/br><\/p>\n","protected":false},"excerpt":{"rendered":"<p>? \u2020 Mv.? szept. 1., 29 \u00e9vet \u00e9lt. : hivatalnok. \u2013 Sz. J\u00f3zsef, kir. t\u00e1blai \u00fcln\u00f6k, \u00e9s Vita Zsuzs\u00e1nna fia. Feles\u00e9ge Veres Polixena. Le\u00e1nyuk Irma. \u2013 Kir. F\u0151korm\u00e1nysz\u00e9ki titoknok. Irod.: Gy\u00e1szjelent\u0151.<\/p>\n","protected":false},"featured_media":0,"comment_status":"open","ping_status":"closed","template":"","meta":[],"product_brand":[],"product_cat":[137],"product_tag":[],"class_list":{"0":"post-21373","1":"product","2":"type-product","3":"status-publish","5":"product_cat-maros-megyei-eletrajzi-lexikon","7":"first","8":"instock","9":"shipping-taxable","10":"product-type-simple"},"_links":{"self":[{"href":"https:\/\/uj.adatbank.ro\/lexikon\/wp-json\/wp\/v2\/product\/21373","targetHints":{"allow":["GET"]}}],"collection":[{"href":"https:\/\/uj.adatbank.ro\/lexikon\/wp-json\/wp\/v2\/product"}],"about":[{"href":"https:\/\/uj.adatbank.ro\/lexikon\/wp-json\/wp\/v2\/types\/product"}],"replies":[{"embeddable":true,"href":"https:\/\/uj.adatbank.ro\/lexikon\/wp-json\/wp\/v2\/comments?post=21373"}],"wp:attachment":[{"href":"https:\/\/uj.adatbank.ro\/lexikon\/wp-json\/wp\/v2\/media?parent=21373"}],"wp:term":[{"taxonomy":"product_brand","embeddable":true,"href":"https:\/\/uj.adatbank.ro\/lexikon\/wp-json\/wp\/v2\/product_brand?post=21373"},{"taxonomy":"product_cat","embeddable":true,"href":"https:\/\/uj.adatbank.ro\/lexikon\/wp-json\/wp\/v2\/product_cat?post=21373"},{"taxonomy":"product_tag","embeddable":true,"href":"https:\/\/uj.adatbank.ro\/lexikon\/wp-json\/wp\/v2\/product_tag?post=21373"}],"curies":[{"name":"wp","href":"https:\/\/api.w.org\/{rel}","templated":true}]}}