{"id":21374,"date":"2025-07-22T19:22:39","date_gmt":"2025-07-22T17:22:39","guid":{"rendered":"https:\/\/uj.adatbank.ro\/lexikon\/termek\/szalasi-jozsef\/"},"modified":"2025-07-22T19:22:39","modified_gmt":"2025-07-22T17:22:39","slug":"szalasi-jozsef","status":"publish","type":"product","link":"https:\/\/uj.adatbank.ro\/lexikon\/termek\/szalasi-jozsef\/","title":{"rendered":"SZ\u00c1LASI J\u00f3zsef"},"content":{"rendered":"<p>Korond, 1857., \u2020\u00a0Korond, 1925.: keresked\u0151. \u2013 Sz\u00e1lasi J\u00e1nos, ifj. \u00e9s Verz\u00e1r Anna fia. Parajdon folytatott kereskedelmi tev\u00e9kenys\u00e9get. Feles\u00e9ge Szentp\u00e9teri Katalin (1868\u20131944), t\u00edz gyermek\u00fck sz\u00fcletett: J\u00e1nos (1887\u20131888), \u00d6d\u00f6n (1895\u20131896); J\u00f3zsef (1889\u20131962): feles\u00e9gei: Anna (1899\u20131902, Roz\u00e1lia (1892\u20131982), Ir\u00e9n (1897\u20131963), Gizella (1902\u20131985), Rezs\u0151 (1904\u2013?), M\u00e1ria Anna (1906\u20131906), Anna M\u00e1ria (1908\u20131998), Katalin (1945 \u2013), aki Sz\u00e1sz Imre (1941\u20132005) feles\u00e9ge lett. K\u00f6z\u00fcl\u00fck Ir\u00e9n (1897\u20131963), Tolok\u00e1n Antal (1887\u20131966) keresked\u0151 feles\u00e9ge volt Marosbog\u00e1ton. <br \/><strong>Irod.:<\/strong> Sz\u00e1va 2012.<\/br><\/p>\n","protected":false},"excerpt":{"rendered":"<p>Korond, 1857., \u2020\u00a0Korond, 1925.: keresked\u0151. \u2013 Sz\u00e1lasi J\u00e1nos, ifj. \u00e9s Verz\u00e1r Anna fia. Parajdon folytatott kereskedelmi tev\u00e9kenys\u00e9get. Feles\u00e9ge Szentp\u00e9teri Katalin (1868\u20131944), t\u00edz gyermek\u00fck sz\u00fcletett: J\u00e1nos (1887\u20131888), \u00d6d\u00f6n (1895\u20131896); J\u00f3zsef (1889\u20131962): feles\u00e9gei: Anna (1899\u20131902, Roz\u00e1lia (1892\u20131982), Ir\u00e9n (1897\u20131963), Gizella (1902\u20131985), Rezs\u0151 (1904\u2013?), M\u00e1ria Anna (1906\u20131906), Anna M\u00e1ria (1908\u20131998), Katalin (1945 \u2013), aki Sz\u00e1sz Imre (1941\u20132005) feles\u00e9ge [&hellip;]<\/p>\n","protected":false},"featured_media":0,"comment_status":"open","ping_status":"closed","template":"","meta":[],"product_brand":[],"product_cat":[137],"product_tag":[],"class_list":{"0":"post-21374","1":"product","2":"type-product","3":"status-publish","5":"product_cat-maros-megyei-eletrajzi-lexikon","7":"first","8":"instock","9":"shipping-taxable","10":"product-type-simple"},"_links":{"self":[{"href":"https:\/\/uj.adatbank.ro\/lexikon\/wp-json\/wp\/v2\/product\/21374","targetHints":{"allow":["GET"]}}],"collection":[{"href":"https:\/\/uj.adatbank.ro\/lexikon\/wp-json\/wp\/v2\/product"}],"about":[{"href":"https:\/\/uj.adatbank.ro\/lexikon\/wp-json\/wp\/v2\/types\/product"}],"replies":[{"embeddable":true,"href":"https:\/\/uj.adatbank.ro\/lexikon\/wp-json\/wp\/v2\/comments?post=21374"}],"wp:attachment":[{"href":"https:\/\/uj.adatbank.ro\/lexikon\/wp-json\/wp\/v2\/media?parent=21374"}],"wp:term":[{"taxonomy":"product_brand","embeddable":true,"href":"https:\/\/uj.adatbank.ro\/lexikon\/wp-json\/wp\/v2\/product_brand?post=21374"},{"taxonomy":"product_cat","embeddable":true,"href":"https:\/\/uj.adatbank.ro\/lexikon\/wp-json\/wp\/v2\/product_cat?post=21374"},{"taxonomy":"product_tag","embeddable":true,"href":"https:\/\/uj.adatbank.ro\/lexikon\/wp-json\/wp\/v2\/product_tag?post=21374"}],"curies":[{"name":"wp","href":"https:\/\/api.w.org\/{rel}","templated":true}]}}