{"id":21375,"date":"2025-07-22T19:22:41","date_gmt":"2025-07-22T17:22:41","guid":{"rendered":"https:\/\/uj.adatbank.ro\/lexikon\/termek\/szalasi-peter\/"},"modified":"2025-07-22T19:22:41","modified_gmt":"2025-07-22T17:22:41","slug":"szalasi-peter","status":"publish","type":"product","link":"https:\/\/uj.adatbank.ro\/lexikon\/termek\/szalasi-peter\/","title":{"rendered":"SZ\u00c1LASI P\u00e9ter"},"content":{"rendered":"<p>Korond, 1878., \u2020\u00a0Parajd, 1942: keresked\u0151. \u2013Ifj. Sz\u00e1lasi J\u00e1nos (1853\u20131885) \u00e9s Verz\u00e1r Anna (1859\u20131895) fia. Feles\u00e9ge Kenyeres Gizella (1884\u20131973). Gyermekeik: Gabriella (1908\u20131989), f\u00e9rje Dics\u0151szentm\u00e1rtonban (1901\u20131979); Lenke (1910\u20131993), G\u00f6r\u00f6g Alad\u00e1r (1913\u20131993) feles\u00e9ge volt Mv.-en; Ilona (1922\u20131998), aki So\u00f3s Jen\u0151 (1917\u20131949) feles\u00e9ge volt Mv.-en; P\u00e1l (1926\u20131944 a II. vh.-ban) esett el. <br \/><strong>Irod.:<\/strong> Sz\u00e1va 2012.<\/br><\/p>\n","protected":false},"excerpt":{"rendered":"<p>Korond, 1878., \u2020\u00a0Parajd, 1942: keresked\u0151. \u2013Ifj. Sz\u00e1lasi J\u00e1nos (1853\u20131885) \u00e9s Verz\u00e1r Anna (1859\u20131895) fia. Feles\u00e9ge Kenyeres Gizella (1884\u20131973). Gyermekeik: Gabriella (1908\u20131989), f\u00e9rje Dics\u0151szentm\u00e1rtonban (1901\u20131979); Lenke (1910\u20131993), G\u00f6r\u00f6g Alad\u00e1r (1913\u20131993) feles\u00e9ge volt Mv.-en; Ilona (1922\u20131998), aki So\u00f3s Jen\u0151 (1917\u20131949) feles\u00e9ge volt Mv.-en; P\u00e1l (1926\u20131944 a II. vh.-ban) esett el. Irod.: Sz\u00e1va 2012.<\/p>\n","protected":false},"featured_media":0,"comment_status":"open","ping_status":"closed","template":"","meta":[],"product_brand":[],"product_cat":[137],"product_tag":[],"class_list":{"0":"post-21375","1":"product","2":"type-product","3":"status-publish","5":"product_cat-maros-megyei-eletrajzi-lexikon","7":"first","8":"instock","9":"shipping-taxable","10":"product-type-simple"},"_links":{"self":[{"href":"https:\/\/uj.adatbank.ro\/lexikon\/wp-json\/wp\/v2\/product\/21375","targetHints":{"allow":["GET"]}}],"collection":[{"href":"https:\/\/uj.adatbank.ro\/lexikon\/wp-json\/wp\/v2\/product"}],"about":[{"href":"https:\/\/uj.adatbank.ro\/lexikon\/wp-json\/wp\/v2\/types\/product"}],"replies":[{"embeddable":true,"href":"https:\/\/uj.adatbank.ro\/lexikon\/wp-json\/wp\/v2\/comments?post=21375"}],"wp:attachment":[{"href":"https:\/\/uj.adatbank.ro\/lexikon\/wp-json\/wp\/v2\/media?parent=21375"}],"wp:term":[{"taxonomy":"product_brand","embeddable":true,"href":"https:\/\/uj.adatbank.ro\/lexikon\/wp-json\/wp\/v2\/product_brand?post=21375"},{"taxonomy":"product_cat","embeddable":true,"href":"https:\/\/uj.adatbank.ro\/lexikon\/wp-json\/wp\/v2\/product_cat?post=21375"},{"taxonomy":"product_tag","embeddable":true,"href":"https:\/\/uj.adatbank.ro\/lexikon\/wp-json\/wp\/v2\/product_tag?post=21375"}],"curies":[{"name":"wp","href":"https:\/\/api.w.org\/{rel}","templated":true}]}}