{"id":21377,"date":"2025-07-22T19:22:45","date_gmt":"2025-07-22T17:22:45","guid":{"rendered":"https:\/\/uj.adatbank.ro\/lexikon\/termek\/szalasy-jozsef\/"},"modified":"2025-07-22T19:22:45","modified_gmt":"2025-07-22T17:22:45","slug":"szalasy-jozsef","status":"publish","type":"product","link":"https:\/\/uj.adatbank.ro\/lexikon\/termek\/szalasy-jozsef\/","title":{"rendered":"SZ\u00c1LASY J\u00f3zsef"},"content":{"rendered":"<p>Korond, 1889, \u2020\u00a0Mv., 1962.: keresked\u0151. Korondon, majd Mv.-en keresked\u0151. \u2013 Sz\u00e1lasi J\u00f3zsef \u00e9s Szentp\u00e9teri Katalin fia. Feles\u00e9ge: 1. M\u00e1ria (1917), le\u00e1nyuk: Julianna (1918\u20132002), tisztvisel\u0151 Mv.-en; 2. M\u00e1ria feles\u00e9g\u00e9t\u0151l sz\u00fcletett J\u00e1nos fi\u00fak (1928\u20132000), aki politikai okok miatt a mv.-i v\u00e1rosh\u00e1za el\u0151tt benzinnel le\u00f6nt\u00f6tte \u00e9s felgy\u00fajtotta mag\u00e1t (1975); 3. Kov\u00e1cs Ter\u00e9zia (1905\u20131975), fi\u00fak J\u00f3zsef (1930\u2013), tisztvisel\u0151, feles\u00e9ge Bart\u00f3k Katalin (1934\u20132008), a fi\u00fak L\u00e1szl\u00f3 (1958\u2013), tisztvisel\u0151. <br \/><strong>Irod.:<\/strong> Sz\u00e1va 2012.<\/br><\/p>\n","protected":false},"excerpt":{"rendered":"<p>Korond, 1889, \u2020\u00a0Mv., 1962.: keresked\u0151. Korondon, majd Mv.-en keresked\u0151. \u2013 Sz\u00e1lasi J\u00f3zsef \u00e9s Szentp\u00e9teri Katalin fia. Feles\u00e9ge: 1. M\u00e1ria (1917), le\u00e1nyuk: Julianna (1918\u20132002), tisztvisel\u0151 Mv.-en; 2. M\u00e1ria feles\u00e9g\u00e9t\u0151l sz\u00fcletett J\u00e1nos fi\u00fak (1928\u20132000), aki politikai okok miatt a mv.-i v\u00e1rosh\u00e1za el\u0151tt benzinnel le\u00f6nt\u00f6tte \u00e9s felgy\u00fajtotta mag\u00e1t (1975); 3. Kov\u00e1cs Ter\u00e9zia (1905\u20131975), fi\u00fak J\u00f3zsef (1930\u2013), tisztvisel\u0151, feles\u00e9ge [&hellip;]<\/p>\n","protected":false},"featured_media":0,"comment_status":"open","ping_status":"closed","template":"","meta":[],"product_brand":[],"product_cat":[137],"product_tag":[],"class_list":{"0":"post-21377","1":"product","2":"type-product","3":"status-publish","5":"product_cat-maros-megyei-eletrajzi-lexikon","7":"first","8":"instock","9":"shipping-taxable","10":"product-type-simple"},"_links":{"self":[{"href":"https:\/\/uj.adatbank.ro\/lexikon\/wp-json\/wp\/v2\/product\/21377","targetHints":{"allow":["GET"]}}],"collection":[{"href":"https:\/\/uj.adatbank.ro\/lexikon\/wp-json\/wp\/v2\/product"}],"about":[{"href":"https:\/\/uj.adatbank.ro\/lexikon\/wp-json\/wp\/v2\/types\/product"}],"replies":[{"embeddable":true,"href":"https:\/\/uj.adatbank.ro\/lexikon\/wp-json\/wp\/v2\/comments?post=21377"}],"wp:attachment":[{"href":"https:\/\/uj.adatbank.ro\/lexikon\/wp-json\/wp\/v2\/media?parent=21377"}],"wp:term":[{"taxonomy":"product_brand","embeddable":true,"href":"https:\/\/uj.adatbank.ro\/lexikon\/wp-json\/wp\/v2\/product_brand?post=21377"},{"taxonomy":"product_cat","embeddable":true,"href":"https:\/\/uj.adatbank.ro\/lexikon\/wp-json\/wp\/v2\/product_cat?post=21377"},{"taxonomy":"product_tag","embeddable":true,"href":"https:\/\/uj.adatbank.ro\/lexikon\/wp-json\/wp\/v2\/product_tag?post=21377"}],"curies":[{"name":"wp","href":"https:\/\/api.w.org\/{rel}","templated":true}]}}