{"id":21381,"date":"2025-07-22T19:22:52","date_gmt":"2025-07-22T17:22:52","guid":{"rendered":"https:\/\/uj.adatbank.ro\/lexikon\/termek\/szalay-farkas-2\/"},"modified":"2025-07-22T19:22:52","modified_gmt":"2025-07-22T17:22:52","slug":"szalay-farkas-2","status":"publish","type":"product","link":"https:\/\/uj.adatbank.ro\/lexikon\/termek\/szalay-farkas-2\/","title":{"rendered":"SZALAY Farkas"},"content":{"rendered":"<p>?, \u2020?: szolgab\u00edr\u00f3. \u2013 Mez\u0151madarason szolgab\u00edr\u00f3. Jelentette a f\u0151kir\u00e1lyb\u00edr\u00f3nak, hogy a s\u00e1msondi rom\u00e1n lakoss\u00e1g fegyverkezik \u00e9s retteg\u00e9sben tartj\u00e1k a falu \u00e9s a Mez\u0151s\u00e9g lakoss\u00e1g\u00e1t (1848. okt.). <br \/><strong>Irod.:<\/strong> 1848\u20131849 Marossz\u00e9k.<\/br><\/p>\n","protected":false},"excerpt":{"rendered":"<p>?, \u2020?: szolgab\u00edr\u00f3. \u2013 Mez\u0151madarason szolgab\u00edr\u00f3. Jelentette a f\u0151kir\u00e1lyb\u00edr\u00f3nak, hogy a s\u00e1msondi rom\u00e1n lakoss\u00e1g fegyverkezik \u00e9s retteg\u00e9sben tartj\u00e1k a falu \u00e9s a Mez\u0151s\u00e9g lakoss\u00e1g\u00e1t (1848. okt.). Irod.: 1848\u20131849 Marossz\u00e9k.<\/p>\n","protected":false},"featured_media":0,"comment_status":"open","ping_status":"closed","template":"","meta":[],"product_brand":[],"product_cat":[137],"product_tag":[],"class_list":{"0":"post-21381","1":"product","2":"type-product","3":"status-publish","5":"product_cat-maros-megyei-eletrajzi-lexikon","7":"first","8":"instock","9":"shipping-taxable","10":"product-type-simple"},"_links":{"self":[{"href":"https:\/\/uj.adatbank.ro\/lexikon\/wp-json\/wp\/v2\/product\/21381","targetHints":{"allow":["GET"]}}],"collection":[{"href":"https:\/\/uj.adatbank.ro\/lexikon\/wp-json\/wp\/v2\/product"}],"about":[{"href":"https:\/\/uj.adatbank.ro\/lexikon\/wp-json\/wp\/v2\/types\/product"}],"replies":[{"embeddable":true,"href":"https:\/\/uj.adatbank.ro\/lexikon\/wp-json\/wp\/v2\/comments?post=21381"}],"wp:attachment":[{"href":"https:\/\/uj.adatbank.ro\/lexikon\/wp-json\/wp\/v2\/media?parent=21381"}],"wp:term":[{"taxonomy":"product_brand","embeddable":true,"href":"https:\/\/uj.adatbank.ro\/lexikon\/wp-json\/wp\/v2\/product_brand?post=21381"},{"taxonomy":"product_cat","embeddable":true,"href":"https:\/\/uj.adatbank.ro\/lexikon\/wp-json\/wp\/v2\/product_cat?post=21381"},{"taxonomy":"product_tag","embeddable":true,"href":"https:\/\/uj.adatbank.ro\/lexikon\/wp-json\/wp\/v2\/product_tag?post=21381"}],"curies":[{"name":"wp","href":"https:\/\/api.w.org\/{rel}","templated":true}]}}