{"id":21383,"date":"2025-07-22T19:22:56","date_gmt":"2025-07-22T17:22:56","guid":{"rendered":"https:\/\/uj.adatbank.ro\/lexikon\/termek\/szalay-gyula\/"},"modified":"2025-07-22T19:22:56","modified_gmt":"2025-07-22T17:22:56","slug":"szalay-gyula","status":"publish","type":"product","link":"https:\/\/uj.adatbank.ro\/lexikon\/termek\/szalay-gyula\/","title":{"rendered":"SZALAY Gyula"},"content":{"rendered":"<p>?, \u2020?: orgona\u00e9p\u00edt\u0151. \u2013 Sz\u00e9kesfeh\u00e9rv\u00e1ri mester Magyardell\u0151n \u00e9p\u00edtett orgon\u00e1t a ref. templomba, felszentelt\u00e9k (1903. j\u00fal. 12.). <br \/><strong>Irod.:<\/strong> K\u00fck\u00fcll\u0151i Ref. Egyh\u00e1zm. 3., 4.<\/br><\/p>\n","protected":false},"excerpt":{"rendered":"<p>?, \u2020?: orgona\u00e9p\u00edt\u0151. \u2013 Sz\u00e9kesfeh\u00e9rv\u00e1ri mester Magyardell\u0151n \u00e9p\u00edtett orgon\u00e1t a ref. templomba, felszentelt\u00e9k (1903. j\u00fal. 12.). Irod.: K\u00fck\u00fcll\u0151i Ref. Egyh\u00e1zm. 3., 4.<\/p>\n","protected":false},"featured_media":0,"comment_status":"open","ping_status":"closed","template":"","meta":[],"product_brand":[],"product_cat":[137],"product_tag":[],"class_list":{"0":"post-21383","1":"product","2":"type-product","3":"status-publish","5":"product_cat-maros-megyei-eletrajzi-lexikon","7":"first","8":"instock","9":"shipping-taxable","10":"product-type-simple"},"_links":{"self":[{"href":"https:\/\/uj.adatbank.ro\/lexikon\/wp-json\/wp\/v2\/product\/21383","targetHints":{"allow":["GET"]}}],"collection":[{"href":"https:\/\/uj.adatbank.ro\/lexikon\/wp-json\/wp\/v2\/product"}],"about":[{"href":"https:\/\/uj.adatbank.ro\/lexikon\/wp-json\/wp\/v2\/types\/product"}],"replies":[{"embeddable":true,"href":"https:\/\/uj.adatbank.ro\/lexikon\/wp-json\/wp\/v2\/comments?post=21383"}],"wp:attachment":[{"href":"https:\/\/uj.adatbank.ro\/lexikon\/wp-json\/wp\/v2\/media?parent=21383"}],"wp:term":[{"taxonomy":"product_brand","embeddable":true,"href":"https:\/\/uj.adatbank.ro\/lexikon\/wp-json\/wp\/v2\/product_brand?post=21383"},{"taxonomy":"product_cat","embeddable":true,"href":"https:\/\/uj.adatbank.ro\/lexikon\/wp-json\/wp\/v2\/product_cat?post=21383"},{"taxonomy":"product_tag","embeddable":true,"href":"https:\/\/uj.adatbank.ro\/lexikon\/wp-json\/wp\/v2\/product_tag?post=21383"}],"curies":[{"name":"wp","href":"https:\/\/api.w.org\/{rel}","templated":true}]}}