{"id":21386,"date":"2025-07-22T19:23:03","date_gmt":"2025-07-22T17:23:03","guid":{"rendered":"https:\/\/uj.adatbank.ro\/lexikon\/termek\/szalay-lorinc-zalay-leorincz\/"},"modified":"2025-07-22T19:23:03","modified_gmt":"2025-07-22T17:23:03","slug":"szalay-lorinc-zalay-leorincz","status":"publish","type":"product","link":"https:\/\/uj.adatbank.ro\/lexikon\/termek\/szalay-lorinc-zalay-leorincz\/","title":{"rendered":"SZALAY L\u0151rinc, Zalay Leorincz"},"content":{"rendered":"<p>?, \u2020?: l\u00f3f\u0151, k\u00f6zb\u00edr\u00f3. \u2013 N\u0151tlen l\u00f3f\u0151 (libertinus). A mez\u0151madarasi Sz. csal\u00e1d el\u0151dje. A Bethlen G\u00e1bor elrendelte katonai \u00f6ssze\u00edr\u00e1skor volt jelen (1614. febr. 17\u201323.). A k\u00f6vetkez\u0151 katonai \u00f6ssze\u00edr\u00e1skor (1635. nov. 24\u201327.) m\u00e1r h\u00e1zas, 6 fia volt: Mih\u00e1ly, Gy\u00f6rgy, Istv\u00e1n, M\u00e1rton, Palk\u00f3, Nemes szem\u00e9ly, k\u00f6zb\u00edr\u00f3 (1623). <br \/><strong>Irod.:<\/strong> Mez\u0151madaras.<\/br><\/p>\n","protected":false},"excerpt":{"rendered":"<p>?, \u2020?: l\u00f3f\u0151, k\u00f6zb\u00edr\u00f3. \u2013 N\u0151tlen l\u00f3f\u0151 (libertinus). A mez\u0151madarasi Sz. csal\u00e1d el\u0151dje. A Bethlen G\u00e1bor elrendelte katonai \u00f6ssze\u00edr\u00e1skor volt jelen (1614. febr. 17\u201323.). A k\u00f6vetkez\u0151 katonai \u00f6ssze\u00edr\u00e1skor (1635. nov. 24\u201327.) m\u00e1r h\u00e1zas, 6 fia volt: Mih\u00e1ly, Gy\u00f6rgy, Istv\u00e1n, M\u00e1rton, Palk\u00f3, Nemes szem\u00e9ly, k\u00f6zb\u00edr\u00f3 (1623). Irod.: Mez\u0151madaras.<\/p>\n","protected":false},"featured_media":0,"comment_status":"open","ping_status":"closed","template":"","meta":[],"product_brand":[],"product_cat":[137],"product_tag":[],"class_list":{"0":"post-21386","1":"product","2":"type-product","3":"status-publish","5":"product_cat-maros-megyei-eletrajzi-lexikon","7":"first","8":"instock","9":"shipping-taxable","10":"product-type-simple"},"_links":{"self":[{"href":"https:\/\/uj.adatbank.ro\/lexikon\/wp-json\/wp\/v2\/product\/21386","targetHints":{"allow":["GET"]}}],"collection":[{"href":"https:\/\/uj.adatbank.ro\/lexikon\/wp-json\/wp\/v2\/product"}],"about":[{"href":"https:\/\/uj.adatbank.ro\/lexikon\/wp-json\/wp\/v2\/types\/product"}],"replies":[{"embeddable":true,"href":"https:\/\/uj.adatbank.ro\/lexikon\/wp-json\/wp\/v2\/comments?post=21386"}],"wp:attachment":[{"href":"https:\/\/uj.adatbank.ro\/lexikon\/wp-json\/wp\/v2\/media?parent=21386"}],"wp:term":[{"taxonomy":"product_brand","embeddable":true,"href":"https:\/\/uj.adatbank.ro\/lexikon\/wp-json\/wp\/v2\/product_brand?post=21386"},{"taxonomy":"product_cat","embeddable":true,"href":"https:\/\/uj.adatbank.ro\/lexikon\/wp-json\/wp\/v2\/product_cat?post=21386"},{"taxonomy":"product_tag","embeddable":true,"href":"https:\/\/uj.adatbank.ro\/lexikon\/wp-json\/wp\/v2\/product_tag?post=21386"}],"curies":[{"name":"wp","href":"https:\/\/api.w.org\/{rel}","templated":true}]}}