{"id":21387,"date":"2025-07-22T19:23:05","date_gmt":"2025-07-22T17:23:05","guid":{"rendered":"https:\/\/uj.adatbank.ro\/lexikon\/termek\/szalay-marton\/"},"modified":"2025-07-22T19:23:05","modified_gmt":"2025-07-22T17:23:05","slug":"szalay-marton","status":"publish","type":"product","link":"https:\/\/uj.adatbank.ro\/lexikon\/termek\/szalay-marton\/","title":{"rendered":"SZALAY M\u00e1rton"},"content":{"rendered":"<p>?, \u2020?: \u00fcln\u00f6k. \u2013 Sz. L\u0151rinc fia. \u2013 Marossz\u00e9k \u00fcln\u00f6ke, assessor (1665), majd vicekir\u00e1lyb\u00edr\u00f3v\u00e1 v\u00e1lasztott\u00e1k. <br \/><strong>Irod.:<\/strong> Mez\u0151madaras.<\/br><\/p>\n","protected":false},"excerpt":{"rendered":"<p>?, \u2020?: \u00fcln\u00f6k. \u2013 Sz. L\u0151rinc fia. \u2013 Marossz\u00e9k \u00fcln\u00f6ke, assessor (1665), majd vicekir\u00e1lyb\u00edr\u00f3v\u00e1 v\u00e1lasztott\u00e1k. Irod.: Mez\u0151madaras.<\/p>\n","protected":false},"featured_media":0,"comment_status":"open","ping_status":"closed","template":"","meta":[],"product_brand":[],"product_cat":[137],"product_tag":[],"class_list":{"0":"post-21387","1":"product","2":"type-product","3":"status-publish","5":"product_cat-maros-megyei-eletrajzi-lexikon","7":"first","8":"instock","9":"shipping-taxable","10":"product-type-simple"},"_links":{"self":[{"href":"https:\/\/uj.adatbank.ro\/lexikon\/wp-json\/wp\/v2\/product\/21387","targetHints":{"allow":["GET"]}}],"collection":[{"href":"https:\/\/uj.adatbank.ro\/lexikon\/wp-json\/wp\/v2\/product"}],"about":[{"href":"https:\/\/uj.adatbank.ro\/lexikon\/wp-json\/wp\/v2\/types\/product"}],"replies":[{"embeddable":true,"href":"https:\/\/uj.adatbank.ro\/lexikon\/wp-json\/wp\/v2\/comments?post=21387"}],"wp:attachment":[{"href":"https:\/\/uj.adatbank.ro\/lexikon\/wp-json\/wp\/v2\/media?parent=21387"}],"wp:term":[{"taxonomy":"product_brand","embeddable":true,"href":"https:\/\/uj.adatbank.ro\/lexikon\/wp-json\/wp\/v2\/product_brand?post=21387"},{"taxonomy":"product_cat","embeddable":true,"href":"https:\/\/uj.adatbank.ro\/lexikon\/wp-json\/wp\/v2\/product_cat?post=21387"},{"taxonomy":"product_tag","embeddable":true,"href":"https:\/\/uj.adatbank.ro\/lexikon\/wp-json\/wp\/v2\/product_tag?post=21387"}],"curies":[{"name":"wp","href":"https:\/\/api.w.org\/{rel}","templated":true}]}}