{"id":21390,"date":"2025-07-22T19:23:11","date_gmt":"2025-07-22T17:23:11","guid":{"rendered":"https:\/\/uj.adatbank.ro\/lexikon\/termek\/szalay-sandor-mezomadarasi\/"},"modified":"2025-07-22T19:23:11","modified_gmt":"2025-07-22T17:23:11","slug":"szalay-sandor-mezomadarasi","status":"publish","type":"product","link":"https:\/\/uj.adatbank.ro\/lexikon\/termek\/szalay-sandor-mezomadarasi\/","title":{"rendered":"SZALAY S\u00e1ndor, mez\u0151madarasi"},"content":{"rendered":"<p>1822?, \u2020\u00a0Mez\u0151madaras, 1888. j\u00fan. 20.: \u2013 Nagy Roz\u00e1lia. Gyermekeik: Sz. Johanna Ercsei J\u00e1nosn\u00e9; Sz. Roz\u00e1lia Vajda K\u00e1rolyn\u00e9; Sz. Lajos, feles\u00e9ge gr. Bethlen Vilma; Sz. Ilona Ecken J\u00e1nosn\u00e9. <br \/><strong>Irod.:<\/strong> Gy\u00e1szjelent\u0151.<\/br><\/p>\n","protected":false},"excerpt":{"rendered":"<p>1822?, \u2020\u00a0Mez\u0151madaras, 1888. j\u00fan. 20.: \u2013 Nagy Roz\u00e1lia. Gyermekeik: Sz. Johanna Ercsei J\u00e1nosn\u00e9; Sz. Roz\u00e1lia Vajda K\u00e1rolyn\u00e9; Sz. Lajos, feles\u00e9ge gr. Bethlen Vilma; Sz. Ilona Ecken J\u00e1nosn\u00e9. Irod.: Gy\u00e1szjelent\u0151.<\/p>\n","protected":false},"featured_media":0,"comment_status":"open","ping_status":"closed","template":"","meta":[],"product_brand":[],"product_cat":[137],"product_tag":[],"class_list":{"0":"post-21390","1":"product","2":"type-product","3":"status-publish","5":"product_cat-maros-megyei-eletrajzi-lexikon","7":"first","8":"instock","9":"shipping-taxable","10":"product-type-simple"},"_links":{"self":[{"href":"https:\/\/uj.adatbank.ro\/lexikon\/wp-json\/wp\/v2\/product\/21390","targetHints":{"allow":["GET"]}}],"collection":[{"href":"https:\/\/uj.adatbank.ro\/lexikon\/wp-json\/wp\/v2\/product"}],"about":[{"href":"https:\/\/uj.adatbank.ro\/lexikon\/wp-json\/wp\/v2\/types\/product"}],"replies":[{"embeddable":true,"href":"https:\/\/uj.adatbank.ro\/lexikon\/wp-json\/wp\/v2\/comments?post=21390"}],"wp:attachment":[{"href":"https:\/\/uj.adatbank.ro\/lexikon\/wp-json\/wp\/v2\/media?parent=21390"}],"wp:term":[{"taxonomy":"product_brand","embeddable":true,"href":"https:\/\/uj.adatbank.ro\/lexikon\/wp-json\/wp\/v2\/product_brand?post=21390"},{"taxonomy":"product_cat","embeddable":true,"href":"https:\/\/uj.adatbank.ro\/lexikon\/wp-json\/wp\/v2\/product_cat?post=21390"},{"taxonomy":"product_tag","embeddable":true,"href":"https:\/\/uj.adatbank.ro\/lexikon\/wp-json\/wp\/v2\/product_tag?post=21390"}],"curies":[{"name":"wp","href":"https:\/\/api.w.org\/{rel}","templated":true}]}}