{"id":21395,"date":"2025-07-22T19:23:22","date_gmt":"2025-07-22T17:23:22","guid":{"rendered":"https:\/\/uj.adatbank.ro\/lexikon\/termek\/szalkai-jozsef\/"},"modified":"2025-07-22T19:23:22","modified_gmt":"2025-07-22T17:23:22","slug":"szalkai-jozsef","status":"publish","type":"product","link":"https:\/\/uj.adatbank.ro\/lexikon\/termek\/szalkai-jozsef\/","title":{"rendered":"SZALKAI J\u00f3zsef"},"content":{"rendered":"<p>1845, \u2020?: k\u00e1ntortan\u00edt\u00f3. \u2013 Tan\u00edt\u00f3 Abaf\u00e1j\u00e1n (1864\u201371), az egyh\u00e1ztan\u00e1cshoz int\u00e9zett level\u00e9ben felt\u00e1rta a tan\u00edt\u00f3k k\u00e9ts\u00e9gbeejt\u0151 anyagi helyzet\u00e9t. Havadt\u0151n (1871. nov.\u2013). A MT. Megyei \u00c1ltal\u00e1nos Tan\u00edt\u00f3test\u00fcleti k\u00fck\u00fcll\u0151i k\u00f6ri eln\u00f6ke (1880). <br \/><strong>Irod.:<\/strong> Abaf\u00e1ja; B\u00f6jthe Andor: A G\u00f6rg\u00e9nyi ev. ref. egyh\u00e1zmegye t\u00f6rt\u00e9nete [k\u00e9zirat]; Eml\u00e9kk\u00f6nyv.<\/br><\/p>\n","protected":false},"excerpt":{"rendered":"<p>1845, \u2020?: k\u00e1ntortan\u00edt\u00f3. \u2013 Tan\u00edt\u00f3 Abaf\u00e1j\u00e1n (1864\u201371), az egyh\u00e1ztan\u00e1cshoz int\u00e9zett level\u00e9ben felt\u00e1rta a tan\u00edt\u00f3k k\u00e9ts\u00e9gbeejt\u0151 anyagi helyzet\u00e9t. Havadt\u0151n (1871. nov.\u2013). A MT. Megyei \u00c1ltal\u00e1nos Tan\u00edt\u00f3test\u00fcleti k\u00fck\u00fcll\u0151i k\u00f6ri eln\u00f6ke (1880). Irod.: Abaf\u00e1ja; B\u00f6jthe Andor: A G\u00f6rg\u00e9nyi ev. ref. egyh\u00e1zmegye t\u00f6rt\u00e9nete [k\u00e9zirat]; Eml\u00e9kk\u00f6nyv.<\/p>\n","protected":false},"featured_media":0,"comment_status":"open","ping_status":"closed","template":"","meta":[],"product_brand":[],"product_cat":[137],"product_tag":[],"class_list":{"0":"post-21395","1":"product","2":"type-product","3":"status-publish","5":"product_cat-maros-megyei-eletrajzi-lexikon","7":"first","8":"instock","9":"shipping-taxable","10":"product-type-simple"},"_links":{"self":[{"href":"https:\/\/uj.adatbank.ro\/lexikon\/wp-json\/wp\/v2\/product\/21395","targetHints":{"allow":["GET"]}}],"collection":[{"href":"https:\/\/uj.adatbank.ro\/lexikon\/wp-json\/wp\/v2\/product"}],"about":[{"href":"https:\/\/uj.adatbank.ro\/lexikon\/wp-json\/wp\/v2\/types\/product"}],"replies":[{"embeddable":true,"href":"https:\/\/uj.adatbank.ro\/lexikon\/wp-json\/wp\/v2\/comments?post=21395"}],"wp:attachment":[{"href":"https:\/\/uj.adatbank.ro\/lexikon\/wp-json\/wp\/v2\/media?parent=21395"}],"wp:term":[{"taxonomy":"product_brand","embeddable":true,"href":"https:\/\/uj.adatbank.ro\/lexikon\/wp-json\/wp\/v2\/product_brand?post=21395"},{"taxonomy":"product_cat","embeddable":true,"href":"https:\/\/uj.adatbank.ro\/lexikon\/wp-json\/wp\/v2\/product_cat?post=21395"},{"taxonomy":"product_tag","embeddable":true,"href":"https:\/\/uj.adatbank.ro\/lexikon\/wp-json\/wp\/v2\/product_tag?post=21395"}],"curies":[{"name":"wp","href":"https:\/\/api.w.org\/{rel}","templated":true}]}}