{"id":21396,"date":"2025-07-22T19:23:25","date_gmt":"2025-07-22T17:23:25","guid":{"rendered":"https:\/\/uj.adatbank.ro\/lexikon\/termek\/szalkay-jozsef-%c2%a7\/"},"modified":"2025-07-22T19:23:25","modified_gmt":"2025-07-22T17:23:25","slug":"szalkay-jozsef-%c2%a7","status":"publish","type":"product","link":"https:\/\/uj.adatbank.ro\/lexikon\/termek\/szalkay-jozsef-%c2%a7\/","title":{"rendered":"SZALKAY J\u00f3zsef, \u00a7"},"content":{"rendered":"<p>Szeben, 1921. okt. 9., \u2020 Mv., 1996. szept. 28.: k\u00f6zgazd\u00e1sz. \u2013 Feles\u00e9ge: Bartha Aranka \u00c9va (1924. nov. 8. \u2013 Mv., 1994. j\u00fan. 8.). Gyermekeik: Etelka H\u00e9ricz Andr\u00e1sn\u00e9 (Mv., 1947. dec. 11.\u2013); J\u00f3zsef (Beszterce, 1951. j\u00fan. 11.\u2013), k\u00f6zgazd\u00e1sz. \u2013 K\u00f6z\u00e9piskol\u00e1t Mv.-en a P\u00e9nz\u00fcgyi K\u00f6z\u00e9piskol\u00e1ban v\u00e9gezte (1940), a kv.-i Bolyai Egyetem k\u00f6zgazd. kar\u00e1n v\u00e9gzett (1944). A rom\u00e1n egyetemi v\u00e1logatott j\u00e9gkorong csapat\u00e1nak tagja \u00e9s els\u0151 oszt. min\u0151s\u00edt\u00e9ssel rendelkez\u0151 teniszj\u00e1t\u00e9kos az egyetemi \u00e9vek alatt. Mv.-en az OCL f\u0151k\u00f6nyvel\u0151je (1947\u201349), Beszterc\u00e9n f\u0151k\u00f6nyvel\u0151 a Keresk. Igazgat\u00f3s\u00e1gn\u00e1l (1950\u201352), majd a mv.-i ILEFOR f\u0151k\u00f6nyvel\u0151je nyugd\u00edjaz\u00e1s\u00e1ig (1953\u201377). A mv.-i Mure\u015ful \/ Maros tenisz csapat eln\u00f6ke (1970\u201375 k.). K\u00e9zirata: A mv.-i faipari v\u00e1llalatok fejl\u0151d\u00e9se. <br \/><strong>Irod.:<\/strong> csal\u00e1di inf.; [Nekrol\u00f3g.] (N\u00fa., 1996. szept. 29.).<\/br><\/p>\n","protected":false},"excerpt":{"rendered":"<p>Szeben, 1921. okt. 9., \u2020 Mv., 1996. szept. 28.: k\u00f6zgazd\u00e1sz. \u2013 Feles\u00e9ge: Bartha Aranka \u00c9va (1924. nov. 8. \u2013 Mv., 1994. j\u00fan. 8.). Gyermekeik: Etelka H\u00e9ricz Andr\u00e1sn\u00e9 (Mv., 1947. dec. 11.\u2013); J\u00f3zsef (Beszterce, 1951. j\u00fan. 11.\u2013), k\u00f6zgazd\u00e1sz. \u2013 K\u00f6z\u00e9piskol\u00e1t Mv.-en a P\u00e9nz\u00fcgyi K\u00f6z\u00e9piskol\u00e1ban v\u00e9gezte (1940), a kv.-i Bolyai Egyetem k\u00f6zgazd. kar\u00e1n v\u00e9gzett (1944). A rom\u00e1n [&hellip;]<\/p>\n","protected":false},"featured_media":0,"comment_status":"open","ping_status":"closed","template":"","meta":[],"product_brand":[],"product_cat":[137],"product_tag":[],"class_list":{"0":"post-21396","1":"product","2":"type-product","3":"status-publish","5":"product_cat-maros-megyei-eletrajzi-lexikon","7":"first","8":"instock","9":"shipping-taxable","10":"product-type-simple"},"_links":{"self":[{"href":"https:\/\/uj.adatbank.ro\/lexikon\/wp-json\/wp\/v2\/product\/21396","targetHints":{"allow":["GET"]}}],"collection":[{"href":"https:\/\/uj.adatbank.ro\/lexikon\/wp-json\/wp\/v2\/product"}],"about":[{"href":"https:\/\/uj.adatbank.ro\/lexikon\/wp-json\/wp\/v2\/types\/product"}],"replies":[{"embeddable":true,"href":"https:\/\/uj.adatbank.ro\/lexikon\/wp-json\/wp\/v2\/comments?post=21396"}],"wp:attachment":[{"href":"https:\/\/uj.adatbank.ro\/lexikon\/wp-json\/wp\/v2\/media?parent=21396"}],"wp:term":[{"taxonomy":"product_brand","embeddable":true,"href":"https:\/\/uj.adatbank.ro\/lexikon\/wp-json\/wp\/v2\/product_brand?post=21396"},{"taxonomy":"product_cat","embeddable":true,"href":"https:\/\/uj.adatbank.ro\/lexikon\/wp-json\/wp\/v2\/product_cat?post=21396"},{"taxonomy":"product_tag","embeddable":true,"href":"https:\/\/uj.adatbank.ro\/lexikon\/wp-json\/wp\/v2\/product_tag?post=21396"}],"curies":[{"name":"wp","href":"https:\/\/api.w.org\/{rel}","templated":true}]}}