{"id":21398,"date":"2025-07-22T19:23:28","date_gmt":"2025-07-22T17:23:28","guid":{"rendered":"https:\/\/uj.adatbank.ro\/lexikon\/termek\/szalkay-zoltan-laszlo\/"},"modified":"2025-07-22T19:23:28","modified_gmt":"2025-07-22T17:23:28","slug":"szalkay-zoltan-laszlo","status":"publish","type":"product","link":"https:\/\/uj.adatbank.ro\/lexikon\/termek\/szalkay-zoltan-laszlo\/","title":{"rendered":"SZALKAY Zolt\u00e1n L\u00e1szl\u00f3"},"content":{"rendered":"<p>Mv., 1929. aug. 20., \u2020??: film- \u00e9s fot\u00f3m\u0171v\u00e9sz Vajdahunyad. \u2013 Tanult a buk.-i Film- \u00e9s Sz\u00ednm\u0171v\u00e9szeti F\u0151iskol\u00e1n filmm\u0171v\u00e9szeti szakon (1955). \u2013 F filmjei: Marosv\u00f6lgye a forr\u00e1st\u00f3l a hat\u00e1rig (1959). <br \/><strong>Irod.:<\/strong> Moln\u00e1r; RMKK.<\/br><\/p>\n","protected":false},"excerpt":{"rendered":"<p>Mv., 1929. aug. 20., \u2020??: film- \u00e9s fot\u00f3m\u0171v\u00e9sz Vajdahunyad. \u2013 Tanult a buk.-i Film- \u00e9s Sz\u00ednm\u0171v\u00e9szeti F\u0151iskol\u00e1n filmm\u0171v\u00e9szeti szakon (1955). \u2013 F filmjei: Marosv\u00f6lgye a forr\u00e1st\u00f3l a hat\u00e1rig (1959). Irod.: Moln\u00e1r; RMKK.<\/p>\n","protected":false},"featured_media":0,"comment_status":"open","ping_status":"closed","template":"","meta":[],"product_brand":[],"product_cat":[137],"product_tag":[],"class_list":{"0":"post-21398","1":"product","2":"type-product","3":"status-publish","5":"product_cat-maros-megyei-eletrajzi-lexikon","7":"first","8":"instock","9":"shipping-taxable","10":"product-type-simple"},"_links":{"self":[{"href":"https:\/\/uj.adatbank.ro\/lexikon\/wp-json\/wp\/v2\/product\/21398","targetHints":{"allow":["GET"]}}],"collection":[{"href":"https:\/\/uj.adatbank.ro\/lexikon\/wp-json\/wp\/v2\/product"}],"about":[{"href":"https:\/\/uj.adatbank.ro\/lexikon\/wp-json\/wp\/v2\/types\/product"}],"replies":[{"embeddable":true,"href":"https:\/\/uj.adatbank.ro\/lexikon\/wp-json\/wp\/v2\/comments?post=21398"}],"wp:attachment":[{"href":"https:\/\/uj.adatbank.ro\/lexikon\/wp-json\/wp\/v2\/media?parent=21398"}],"wp:term":[{"taxonomy":"product_brand","embeddable":true,"href":"https:\/\/uj.adatbank.ro\/lexikon\/wp-json\/wp\/v2\/product_brand?post=21398"},{"taxonomy":"product_cat","embeddable":true,"href":"https:\/\/uj.adatbank.ro\/lexikon\/wp-json\/wp\/v2\/product_cat?post=21398"},{"taxonomy":"product_tag","embeddable":true,"href":"https:\/\/uj.adatbank.ro\/lexikon\/wp-json\/wp\/v2\/product_tag?post=21398"}],"curies":[{"name":"wp","href":"https:\/\/api.w.org\/{rel}","templated":true}]}}