{"id":21400,"date":"2025-07-22T19:23:33","date_gmt":"2025-07-22T17:23:33","guid":{"rendered":"https:\/\/uj.adatbank.ro\/lexikon\/termek\/szallos-andras\/"},"modified":"2025-07-22T19:23:33","modified_gmt":"2025-07-22T17:23:33","slug":"szallos-andras","status":"publish","type":"product","link":"https:\/\/uj.adatbank.ro\/lexikon\/termek\/szallos-andras\/","title":{"rendered":"SZALL\u00d3S Andr\u00e1s"},"content":{"rendered":"<p>?, \u2020?: k\u0151farag\u00f3. \u2013 Magyarvistai k\u0151farag\u00f3 k\u00e9sz\u00edtette a sz\u00e1szr\u00e9geni ref. templom term\u00e9sk\u0151 t\u00e1rgyait, d\u00edsz\u00edt\u00e9seit (1888\u201389). <br \/><strong>Irod.:<\/strong> B\u00e1lint Zsigmond 2010.<\/br><\/p>\n","protected":false},"excerpt":{"rendered":"<p>?, \u2020?: k\u0151farag\u00f3. \u2013 Magyarvistai k\u0151farag\u00f3 k\u00e9sz\u00edtette a sz\u00e1szr\u00e9geni ref. templom term\u00e9sk\u0151 t\u00e1rgyait, d\u00edsz\u00edt\u00e9seit (1888\u201389). Irod.: B\u00e1lint Zsigmond 2010.<\/p>\n","protected":false},"featured_media":0,"comment_status":"open","ping_status":"closed","template":"","meta":[],"product_brand":[],"product_cat":[137],"product_tag":[],"class_list":{"0":"post-21400","1":"product","2":"type-product","3":"status-publish","5":"product_cat-maros-megyei-eletrajzi-lexikon","7":"first","8":"instock","9":"shipping-taxable","10":"product-type-simple"},"_links":{"self":[{"href":"https:\/\/uj.adatbank.ro\/lexikon\/wp-json\/wp\/v2\/product\/21400","targetHints":{"allow":["GET"]}}],"collection":[{"href":"https:\/\/uj.adatbank.ro\/lexikon\/wp-json\/wp\/v2\/product"}],"about":[{"href":"https:\/\/uj.adatbank.ro\/lexikon\/wp-json\/wp\/v2\/types\/product"}],"replies":[{"embeddable":true,"href":"https:\/\/uj.adatbank.ro\/lexikon\/wp-json\/wp\/v2\/comments?post=21400"}],"wp:attachment":[{"href":"https:\/\/uj.adatbank.ro\/lexikon\/wp-json\/wp\/v2\/media?parent=21400"}],"wp:term":[{"taxonomy":"product_brand","embeddable":true,"href":"https:\/\/uj.adatbank.ro\/lexikon\/wp-json\/wp\/v2\/product_brand?post=21400"},{"taxonomy":"product_cat","embeddable":true,"href":"https:\/\/uj.adatbank.ro\/lexikon\/wp-json\/wp\/v2\/product_cat?post=21400"},{"taxonomy":"product_tag","embeddable":true,"href":"https:\/\/uj.adatbank.ro\/lexikon\/wp-json\/wp\/v2\/product_tag?post=21400"}],"curies":[{"name":"wp","href":"https:\/\/api.w.org\/{rel}","templated":true}]}}