{"id":21401,"date":"2025-07-22T19:23:36","date_gmt":"2025-07-22T17:23:36","guid":{"rendered":"https:\/\/uj.adatbank.ro\/lexikon\/termek\/szalma-gyorgy-havadtoi\/"},"modified":"2025-07-22T19:23:36","modified_gmt":"2025-07-22T17:23:36","slug":"szalma-gyorgy-havadtoi","status":"publish","type":"product","link":"https:\/\/uj.adatbank.ro\/lexikon\/termek\/szalma-gyorgy-havadtoi\/","title":{"rendered":"SZALMA Gy\u00f6rgy, havadt\u0151i"},"content":{"rendered":"<p>?, \u2020 1848: ref. lelk\u00e9sz. \u2013 P\u00f3k\u00e1ban k\u00e1pl\u00e1n (1810\u201312) az id\u0151s Sz\u00e1sz Gy\u00f6rgy lp. mellett, Maross\u00e1rpatakon k\u00e1pl\u00e1n (1812\u201315), majd lelk\u00e9sz (par\u00f3kus) (1815\u201348), g\u00f6rg\u00e9nyi ref egyh\u00e1zmegye esperese hal\u00e1l\u00e1ig (1830\u201348). Fia ifj. Sz. Gy. <br \/><strong>Irod.:<\/strong> B\u00f6jthe Andor.<\/br><\/p>\n","protected":false},"excerpt":{"rendered":"<p>?, \u2020 1848: ref. lelk\u00e9sz. \u2013 P\u00f3k\u00e1ban k\u00e1pl\u00e1n (1810\u201312) az id\u0151s Sz\u00e1sz Gy\u00f6rgy lp. mellett, Maross\u00e1rpatakon k\u00e1pl\u00e1n (1812\u201315), majd lelk\u00e9sz (par\u00f3kus) (1815\u201348), g\u00f6rg\u00e9nyi ref egyh\u00e1zmegye esperese hal\u00e1l\u00e1ig (1830\u201348). Fia ifj. Sz. Gy. Irod.: B\u00f6jthe Andor.<\/p>\n","protected":false},"featured_media":0,"comment_status":"open","ping_status":"closed","template":"","meta":[],"product_brand":[],"product_cat":[137],"product_tag":[],"class_list":{"0":"post-21401","1":"product","2":"type-product","3":"status-publish","5":"product_cat-maros-megyei-eletrajzi-lexikon","7":"first","8":"instock","9":"shipping-taxable","10":"product-type-simple"},"_links":{"self":[{"href":"https:\/\/uj.adatbank.ro\/lexikon\/wp-json\/wp\/v2\/product\/21401","targetHints":{"allow":["GET"]}}],"collection":[{"href":"https:\/\/uj.adatbank.ro\/lexikon\/wp-json\/wp\/v2\/product"}],"about":[{"href":"https:\/\/uj.adatbank.ro\/lexikon\/wp-json\/wp\/v2\/types\/product"}],"replies":[{"embeddable":true,"href":"https:\/\/uj.adatbank.ro\/lexikon\/wp-json\/wp\/v2\/comments?post=21401"}],"wp:attachment":[{"href":"https:\/\/uj.adatbank.ro\/lexikon\/wp-json\/wp\/v2\/media?parent=21401"}],"wp:term":[{"taxonomy":"product_brand","embeddable":true,"href":"https:\/\/uj.adatbank.ro\/lexikon\/wp-json\/wp\/v2\/product_brand?post=21401"},{"taxonomy":"product_cat","embeddable":true,"href":"https:\/\/uj.adatbank.ro\/lexikon\/wp-json\/wp\/v2\/product_cat?post=21401"},{"taxonomy":"product_tag","embeddable":true,"href":"https:\/\/uj.adatbank.ro\/lexikon\/wp-json\/wp\/v2\/product_tag?post=21401"}],"curies":[{"name":"wp","href":"https:\/\/api.w.org\/{rel}","templated":true}]}}