{"id":21403,"date":"2025-07-22T19:23:41","date_gmt":"2025-07-22T17:23:41","guid":{"rendered":"https:\/\/uj.adatbank.ro\/lexikon\/termek\/szalma-janos\/"},"modified":"2025-07-22T19:23:41","modified_gmt":"2025-07-22T17:23:41","slug":"szalma-janos","status":"publish","type":"product","link":"https:\/\/uj.adatbank.ro\/lexikon\/termek\/szalma-janos\/","title":{"rendered":"SZALMA J\u00e1nos"},"content":{"rendered":"<p>Nagykend, 1899., \u2020?: gazd\u00e1lkod\u00f3. \u2013 A sz\u00fcl\u0151i h\u00e1zn\u00e1l tanult gazd\u00e1lkodni, majd \u00f6n\u00e1ll\u00f3 lett, 53 hold birtok\u00e1n Nagykenden. A k\u00f6zs\u00e9g b\u00edr\u00f3ja, a MP eln\u00f6ke volt. A kultur\u00e1lis \u00e9s hazafias egyes\u00fcletek t\u00e1mogat\u00f3ja volt. <br \/><strong>Irod.:<\/strong> Sz\u00e9kelyf\u00f6ld \u00ed. k.<\/br><\/p>\n","protected":false},"excerpt":{"rendered":"<p>Nagykend, 1899., \u2020?: gazd\u00e1lkod\u00f3. \u2013 A sz\u00fcl\u0151i h\u00e1zn\u00e1l tanult gazd\u00e1lkodni, majd \u00f6n\u00e1ll\u00f3 lett, 53 hold birtok\u00e1n Nagykenden. A k\u00f6zs\u00e9g b\u00edr\u00f3ja, a MP eln\u00f6ke volt. A kultur\u00e1lis \u00e9s hazafias egyes\u00fcletek t\u00e1mogat\u00f3ja volt. Irod.: Sz\u00e9kelyf\u00f6ld \u00ed. k.<\/p>\n","protected":false},"featured_media":0,"comment_status":"open","ping_status":"closed","template":"","meta":[],"product_brand":[],"product_cat":[137],"product_tag":[],"class_list":{"0":"post-21403","1":"product","2":"type-product","3":"status-publish","5":"product_cat-maros-megyei-eletrajzi-lexikon","7":"first","8":"instock","9":"shipping-taxable","10":"product-type-simple"},"_links":{"self":[{"href":"https:\/\/uj.adatbank.ro\/lexikon\/wp-json\/wp\/v2\/product\/21403","targetHints":{"allow":["GET"]}}],"collection":[{"href":"https:\/\/uj.adatbank.ro\/lexikon\/wp-json\/wp\/v2\/product"}],"about":[{"href":"https:\/\/uj.adatbank.ro\/lexikon\/wp-json\/wp\/v2\/types\/product"}],"replies":[{"embeddable":true,"href":"https:\/\/uj.adatbank.ro\/lexikon\/wp-json\/wp\/v2\/comments?post=21403"}],"wp:attachment":[{"href":"https:\/\/uj.adatbank.ro\/lexikon\/wp-json\/wp\/v2\/media?parent=21403"}],"wp:term":[{"taxonomy":"product_brand","embeddable":true,"href":"https:\/\/uj.adatbank.ro\/lexikon\/wp-json\/wp\/v2\/product_brand?post=21403"},{"taxonomy":"product_cat","embeddable":true,"href":"https:\/\/uj.adatbank.ro\/lexikon\/wp-json\/wp\/v2\/product_cat?post=21403"},{"taxonomy":"product_tag","embeddable":true,"href":"https:\/\/uj.adatbank.ro\/lexikon\/wp-json\/wp\/v2\/product_tag?post=21403"}],"curies":[{"name":"wp","href":"https:\/\/api.w.org\/{rel}","templated":true}]}}