{"id":21404,"date":"2025-07-22T19:23:43","date_gmt":"2025-07-22T17:23:43","guid":{"rendered":"https:\/\/uj.adatbank.ro\/lexikon\/termek\/szalma-jozsef\/"},"modified":"2025-07-22T19:23:43","modified_gmt":"2025-07-22T17:23:43","slug":"szalma-jozsef","status":"publish","type":"product","link":"https:\/\/uj.adatbank.ro\/lexikon\/termek\/szalma-jozsef\/","title":{"rendered":"SZALMA J\u00f3zsef"},"content":{"rendered":"<p>Balav\u00e1s\u00e1r, 1820 k\u00f6r\u00fcl \u2020 Balav\u00e1s\u00e1r, 1893. nov. 20.: k\u00e1ntortan\u00edt\u00f3. \u2013 A mv.-i Ref. Koll\u00e9giumban v\u00e9gzett. Egy \u00e9vig Magyarb\u00f6lk\u00e9nyben tan\u00edtott (1844), majd Balav\u00e1s\u00e1rra ker\u00fclt (1845), ahol hal\u00e1l\u00e1ig tan\u00edtott mindenki megel\u00e9ged\u00e9s\u00e9re. \u00daj iskol\u00e1t \u00e9p\u00edttetett (1870). Nyugd\u00edjaz\u00e1sakor (1891) minden f\u00e9rfi \u00e9s n\u0151 a faluban tan\u00edtv\u00e1nya volt. <br \/><strong>Irod.:<\/strong> Balav\u00e1s\u00e1r \u00e9s egyh\u00e1za.<\/br><\/p>\n","protected":false},"excerpt":{"rendered":"<p>Balav\u00e1s\u00e1r, 1820 k\u00f6r\u00fcl \u2020 Balav\u00e1s\u00e1r, 1893. nov. 20.: k\u00e1ntortan\u00edt\u00f3. \u2013 A mv.-i Ref. Koll\u00e9giumban v\u00e9gzett. Egy \u00e9vig Magyarb\u00f6lk\u00e9nyben tan\u00edtott (1844), majd Balav\u00e1s\u00e1rra ker\u00fclt (1845), ahol hal\u00e1l\u00e1ig tan\u00edtott mindenki megel\u00e9ged\u00e9s\u00e9re. \u00daj iskol\u00e1t \u00e9p\u00edttetett (1870). Nyugd\u00edjaz\u00e1sakor (1891) minden f\u00e9rfi \u00e9s n\u0151 a faluban tan\u00edtv\u00e1nya volt. Irod.: Balav\u00e1s\u00e1r \u00e9s egyh\u00e1za.<\/p>\n","protected":false},"featured_media":0,"comment_status":"open","ping_status":"closed","template":"","meta":[],"product_brand":[],"product_cat":[137],"product_tag":[],"class_list":{"0":"post-21404","1":"product","2":"type-product","3":"status-publish","5":"product_cat-maros-megyei-eletrajzi-lexikon","7":"first","8":"instock","9":"shipping-taxable","10":"product-type-simple"},"_links":{"self":[{"href":"https:\/\/uj.adatbank.ro\/lexikon\/wp-json\/wp\/v2\/product\/21404","targetHints":{"allow":["GET"]}}],"collection":[{"href":"https:\/\/uj.adatbank.ro\/lexikon\/wp-json\/wp\/v2\/product"}],"about":[{"href":"https:\/\/uj.adatbank.ro\/lexikon\/wp-json\/wp\/v2\/types\/product"}],"replies":[{"embeddable":true,"href":"https:\/\/uj.adatbank.ro\/lexikon\/wp-json\/wp\/v2\/comments?post=21404"}],"wp:attachment":[{"href":"https:\/\/uj.adatbank.ro\/lexikon\/wp-json\/wp\/v2\/media?parent=21404"}],"wp:term":[{"taxonomy":"product_brand","embeddable":true,"href":"https:\/\/uj.adatbank.ro\/lexikon\/wp-json\/wp\/v2\/product_brand?post=21404"},{"taxonomy":"product_cat","embeddable":true,"href":"https:\/\/uj.adatbank.ro\/lexikon\/wp-json\/wp\/v2\/product_cat?post=21404"},{"taxonomy":"product_tag","embeddable":true,"href":"https:\/\/uj.adatbank.ro\/lexikon\/wp-json\/wp\/v2\/product_tag?post=21404"}],"curies":[{"name":"wp","href":"https:\/\/api.w.org\/{rel}","templated":true}]}}