{"id":21405,"date":"2025-07-22T19:23:45","date_gmt":"2025-07-22T17:23:45","guid":{"rendered":"https:\/\/uj.adatbank.ro\/lexikon\/termek\/szalma-katalin\/"},"modified":"2025-07-22T19:23:45","modified_gmt":"2025-07-22T17:23:45","slug":"szalma-katalin","status":"publish","type":"product","link":"https:\/\/uj.adatbank.ro\/lexikon\/termek\/szalma-katalin\/","title":{"rendered":"SZALMA Katalin"},"content":{"rendered":"<p>? 1930?, \u2020 Mv., 200. febr. 11.: zenetan\u00e1r. \u2013 A mv.-i 7-es \u00e9s a 9-es \u00e1ltal\u00e1nos iskola, majd a Ref. K\u00e1ntor-Tan\u00edt\u00f3k\u00e9pz\u0151 F\u0151iskola volt tan\u00e1ra. <br \/><strong>Irod.:<\/strong> [Nekrol\u00f3g], (N\u00fa., 2010. febr. 13.).<\/br><\/p>\n","protected":false},"excerpt":{"rendered":"<p>? 1930?, \u2020 Mv., 200. febr. 11.: zenetan\u00e1r. \u2013 A mv.-i 7-es \u00e9s a 9-es \u00e1ltal\u00e1nos iskola, majd a Ref. K\u00e1ntor-Tan\u00edt\u00f3k\u00e9pz\u0151 F\u0151iskola volt tan\u00e1ra. Irod.: [Nekrol\u00f3g], (N\u00fa., 2010. febr. 13.).<\/p>\n","protected":false},"featured_media":0,"comment_status":"open","ping_status":"closed","template":"","meta":[],"product_brand":[],"product_cat":[137],"product_tag":[],"class_list":{"0":"post-21405","1":"product","2":"type-product","3":"status-publish","5":"product_cat-maros-megyei-eletrajzi-lexikon","7":"first","8":"instock","9":"shipping-taxable","10":"product-type-simple"},"_links":{"self":[{"href":"https:\/\/uj.adatbank.ro\/lexikon\/wp-json\/wp\/v2\/product\/21405","targetHints":{"allow":["GET"]}}],"collection":[{"href":"https:\/\/uj.adatbank.ro\/lexikon\/wp-json\/wp\/v2\/product"}],"about":[{"href":"https:\/\/uj.adatbank.ro\/lexikon\/wp-json\/wp\/v2\/types\/product"}],"replies":[{"embeddable":true,"href":"https:\/\/uj.adatbank.ro\/lexikon\/wp-json\/wp\/v2\/comments?post=21405"}],"wp:attachment":[{"href":"https:\/\/uj.adatbank.ro\/lexikon\/wp-json\/wp\/v2\/media?parent=21405"}],"wp:term":[{"taxonomy":"product_brand","embeddable":true,"href":"https:\/\/uj.adatbank.ro\/lexikon\/wp-json\/wp\/v2\/product_brand?post=21405"},{"taxonomy":"product_cat","embeddable":true,"href":"https:\/\/uj.adatbank.ro\/lexikon\/wp-json\/wp\/v2\/product_cat?post=21405"},{"taxonomy":"product_tag","embeddable":true,"href":"https:\/\/uj.adatbank.ro\/lexikon\/wp-json\/wp\/v2\/product_tag?post=21405"}],"curies":[{"name":"wp","href":"https:\/\/api.w.org\/{rel}","templated":true}]}}