{"id":21407,"date":"2025-07-22T19:23:49","date_gmt":"2025-07-22T17:23:49","guid":{"rendered":"https:\/\/uj.adatbank.ro\/lexikon\/termek\/szalma-mihaly\/"},"modified":"2025-07-22T19:23:49","modified_gmt":"2025-07-22T17:23:49","slug":"szalma-mihaly","status":"publish","type":"product","link":"https:\/\/uj.adatbank.ro\/lexikon\/termek\/szalma-mihaly\/","title":{"rendered":"SZALMA Mih\u00e1ly"},"content":{"rendered":"<p>1820., \u2020\u00a0Csejd, 1874.: ref. lelk\u00e9sz. \u2013 Csejden szolg\u00e1lt hal\u00e1l\u00e1ig (1862\u201374). <br \/><strong>Irod.:<\/strong> Csejd \u2013T\u00f3falva; Nemes Gyula: Szakr\u00e1lis eml\u00e9kek\u2026= P\u00e1l-Antal \u2013 Simon.<\/br><\/p>\n","protected":false},"excerpt":{"rendered":"<p>1820., \u2020\u00a0Csejd, 1874.: ref. lelk\u00e9sz. \u2013 Csejden szolg\u00e1lt hal\u00e1l\u00e1ig (1862\u201374). Irod.: Csejd \u2013T\u00f3falva; Nemes Gyula: Szakr\u00e1lis eml\u00e9kek\u2026= P\u00e1l-Antal \u2013 Simon.<\/p>\n","protected":false},"featured_media":0,"comment_status":"open","ping_status":"closed","template":"","meta":[],"product_brand":[],"product_cat":[137],"product_tag":[],"class_list":{"0":"post-21407","1":"product","2":"type-product","3":"status-publish","5":"product_cat-maros-megyei-eletrajzi-lexikon","7":"first","8":"instock","9":"shipping-taxable","10":"product-type-simple"},"_links":{"self":[{"href":"https:\/\/uj.adatbank.ro\/lexikon\/wp-json\/wp\/v2\/product\/21407","targetHints":{"allow":["GET"]}}],"collection":[{"href":"https:\/\/uj.adatbank.ro\/lexikon\/wp-json\/wp\/v2\/product"}],"about":[{"href":"https:\/\/uj.adatbank.ro\/lexikon\/wp-json\/wp\/v2\/types\/product"}],"replies":[{"embeddable":true,"href":"https:\/\/uj.adatbank.ro\/lexikon\/wp-json\/wp\/v2\/comments?post=21407"}],"wp:attachment":[{"href":"https:\/\/uj.adatbank.ro\/lexikon\/wp-json\/wp\/v2\/media?parent=21407"}],"wp:term":[{"taxonomy":"product_brand","embeddable":true,"href":"https:\/\/uj.adatbank.ro\/lexikon\/wp-json\/wp\/v2\/product_brand?post=21407"},{"taxonomy":"product_cat","embeddable":true,"href":"https:\/\/uj.adatbank.ro\/lexikon\/wp-json\/wp\/v2\/product_cat?post=21407"},{"taxonomy":"product_tag","embeddable":true,"href":"https:\/\/uj.adatbank.ro\/lexikon\/wp-json\/wp\/v2\/product_tag?post=21407"}],"curies":[{"name":"wp","href":"https:\/\/api.w.org\/{rel}","templated":true}]}}