{"id":2141,"date":"2025-06-28T12:05:03","date_gmt":"2025-06-28T10:05:03","guid":{"rendered":"https:\/\/uj.adatbank.ro\/lexikon\/termek\/bandila-janos\/"},"modified":"2025-06-28T12:05:03","modified_gmt":"2025-06-28T10:05:03","slug":"bandila-janos","status":"publish","type":"product","link":"https:\/\/uj.adatbank.ro\/lexikon\/termek\/bandila-janos\/","title":{"rendered":"BANDILA J\u00e1nos"},"content":{"rendered":"<p>F\u00fcleh\u00e1za, 1916., \u2020\u00a0? : tan\u00edt\u00f3. \u2013 K\u00f6z\u00e9piskol\u00e1it \u00e9s a tan\u00edt\u00f3k\u00e9pz\u0151t Mv.-en v\u00e9gezte, el\u0151bb helyettes, majd F\u00fcleh\u00e1z\u00e1n rendes tan\u00edt\u00f3 volt. (1940\u2013). <br \/><strong>Irod.:<\/strong> Sz\u00e9kelyf\u00f6ld \u00ed. k.<\/br><\/p>\n","protected":false},"excerpt":{"rendered":"<p>F\u00fcleh\u00e1za, 1916., \u2020\u00a0? : tan\u00edt\u00f3. \u2013 K\u00f6z\u00e9piskol\u00e1it \u00e9s a tan\u00edt\u00f3k\u00e9pz\u0151t Mv.-en v\u00e9gezte, el\u0151bb helyettes, majd F\u00fcleh\u00e1z\u00e1n rendes tan\u00edt\u00f3 volt. (1940\u2013). Irod.: Sz\u00e9kelyf\u00f6ld \u00ed. k.<\/p>\n","protected":false},"featured_media":0,"comment_status":"open","ping_status":"closed","template":"","meta":[],"product_brand":[],"product_cat":[137],"product_tag":[],"class_list":{"0":"post-2141","1":"product","2":"type-product","3":"status-publish","5":"product_cat-maros-megyei-eletrajzi-lexikon","7":"first","8":"instock","9":"shipping-taxable","10":"product-type-simple"},"_links":{"self":[{"href":"https:\/\/uj.adatbank.ro\/lexikon\/wp-json\/wp\/v2\/product\/2141","targetHints":{"allow":["GET"]}}],"collection":[{"href":"https:\/\/uj.adatbank.ro\/lexikon\/wp-json\/wp\/v2\/product"}],"about":[{"href":"https:\/\/uj.adatbank.ro\/lexikon\/wp-json\/wp\/v2\/types\/product"}],"replies":[{"embeddable":true,"href":"https:\/\/uj.adatbank.ro\/lexikon\/wp-json\/wp\/v2\/comments?post=2141"}],"wp:attachment":[{"href":"https:\/\/uj.adatbank.ro\/lexikon\/wp-json\/wp\/v2\/media?parent=2141"}],"wp:term":[{"taxonomy":"product_brand","embeddable":true,"href":"https:\/\/uj.adatbank.ro\/lexikon\/wp-json\/wp\/v2\/product_brand?post=2141"},{"taxonomy":"product_cat","embeddable":true,"href":"https:\/\/uj.adatbank.ro\/lexikon\/wp-json\/wp\/v2\/product_cat?post=2141"},{"taxonomy":"product_tag","embeddable":true,"href":"https:\/\/uj.adatbank.ro\/lexikon\/wp-json\/wp\/v2\/product_tag?post=2141"}],"curies":[{"name":"wp","href":"https:\/\/api.w.org\/{rel}","templated":true}]}}